{"id":738,"date":"2020-04-20T01:02:41","date_gmt":"2020-04-20T01:02:41","guid":{"rendered":"https:\/\/ameb.com.vn\/team-2\/"},"modified":"2024-12-20T02:50:45","modified_gmt":"2024-12-20T02:50:45","slug":"publications","status":"publish","type":"page","link":"https:\/\/ameb.com.vn\/vi\/publications\/","title":{"rendered":"Gi\u00e1o tr\u00ecnh AMEB"},"content":{"rendered":"<div data-elementor-type=\"wp-page\" data-elementor-id=\"738\" class=\"elementor elementor-738\">\n\t\t\t\t\t\t\t\t\t<section class=\"elementor-section elementor-top-section elementor-element elementor-element-39405470 elementor-section-full_width elementor-section-stretched elementor-section-height-default elementor-section-height-default\" data-id=\"39405470\" data-element_type=\"section\" data-settings=\"{&quot;stretch_section&quot;:&quot;section-stretched&quot;}\" data-e-bg-lazyload=\".elementor-background-overlay\">\n\t\t\t\t\t\t\t<div class=\"elementor-background-overlay\"><\/div>\n\t\t\t\t\t\t\t<div class=\"elementor-container elementor-column-gap-no\">\n\t\t\t\t\t<div class=\"elementor-column elementor-col-100 elementor-top-column elementor-element elementor-element-4d744f1\" data-id=\"4d744f1\" data-element_type=\"column\">\n\t\t\t<div class=\"elementor-widget-wrap elementor-element-populated\">\n\t\t\t\t\t\t\t\t<div class=\"elementor-element elementor-element-72f3740e elementor-widget elementor-widget-text-editor\" data-id=\"72f3740e\" data-element_type=\"widget\" data-widget_type=\"text-editor.default\">\n\t\t\t\t<div class=\"elementor-widget-container\">\n\t\t\t<style>\/*! elementor - v3.17.0 - 08-11-2023 *\/\n.elementor-widget-text-editor.elementor-drop-cap-view-stacked .elementor-drop-cap{background-color:#69727d;color:#fff}.elementor-widget-text-editor.elementor-drop-cap-view-framed .elementor-drop-cap{color:#69727d;border:3px solid;background-color:transparent}.elementor-widget-text-editor:not(.elementor-drop-cap-view-default) .elementor-drop-cap{margin-top:8px}.elementor-widget-text-editor:not(.elementor-drop-cap-view-default) .elementor-drop-cap-letter{width:1em;height:1em}.elementor-widget-text-editor .elementor-drop-cap{float:left;text-align:center;line-height:1;font-size:50px}.elementor-widget-text-editor .elementor-drop-cap-letter{display:inline-block}<\/style>\t\t\t\t<h1><span style=\"color: #ffffff;\">Gi\u00e1o tr\u00ecnh AMEB<\/span><\/h1>\t\t\t\t\t\t<\/div>\n\t\t\t\t<\/div>\n\t\t\t\t\t<\/div>\n\t\t<\/div>\n\t\t\t\t\t\t\t<\/div>\n\t\t<\/section>\n\t\t\t\t<section class=\"elementor-section elementor-top-section elementor-element elementor-element-baeca6c elementor-section-boxed elementor-section-height-default elementor-section-height-default\" data-id=\"baeca6c\" data-element_type=\"section\">\n\t\t\t\t\t\t<div class=\"elementor-container elementor-column-gap-default\">\n\t\t\t\t\t<div class=\"elementor-column elementor-col-100 elementor-top-column elementor-element elementor-element-53aca41\" data-id=\"53aca41\" data-element_type=\"column\">\n\t\t\t<div class=\"elementor-widget-wrap elementor-element-populated\">\n\t\t\t\t\t\t\t\t<div class=\"elementor-element elementor-element-b4b192b elementor-widget elementor-widget-text-editor\" data-id=\"b4b192b\" data-element_type=\"widget\" data-widget_type=\"text-editor.default\">\n\t\t\t\t<div class=\"elementor-widget-container\">\n\t\t\t\t\t\t\t<p><span style=\"color: #333333;\">AMEB l\u00e0 H\u1ed9i \u0111\u1ed3ng ch\u1ea5m thi \u00c2m nh\u1ea1c l\u1edbn v\u00e0 to\u00e0n di\u1ec7n nh\u1ea5t Ch\u00e2u \u0110\u1ea1i D\u01b0\u01a1ng. Ch\u00fang t\u00f4i cung c\u1ea5p 42 gi\u00e1o tr\u00ecnh nh\u1ea1c c\u1ee5 v\u00e0 thanh nh\u1ea1c.<\/span><\/p><p><span style=\"color: #333333;\">Gi\u00e1o tr\u00ecnh v\u00e0 s\u00e1ch c\u1ee7a AMEB r\u1ea5t phong ph\u00fa v\u00e0 chi ti\u1ebft cho t\u1eebng lo\u1ea1i nh\u1ea1c c\u1ee5. S\u00e1ch c\u1ee7a AMEB \u0111\u01b0\u1ee3c so\u1ea1n th\u1ea3o v\u00e0 bi\u00ean t\u1eadp b\u1edfi nh\u1eefng chuy\u00ean gia v\u00e0 gi\u00e1o s\u01b0 h\u00e0ng \u0111\u1ea7u v\u1ec1 \u00e2m nh\u1ea1c c\u1ee7a \u00dac. Gi\u00e1o tr\u00ecnh s\u1eed d\u1ee5ng m\u1ed9t ph\u01b0\u01a1ng ph\u00e1p gi\u1ea3ng d\u1ea1y ph\u00f9 h\u1ee3p v\u1edbi h\u1ecdc sinh \u00dac v\u00e0 qu\u1ed1c t\u1ebf.<\/span><\/p><p><span style=\"color: #333333;\">Gi\u00e1o tr\u00ecnh Piano for Leisure bao g\u1ed3m nh\u1ea1c Pop, Rock, Blues, Tango, Rumba, Jazz, Chachacha, Waltz v\u00e0 c\u00e1c b\u00e0i h\u00e1t v\u00e0 t\u00e1c ph\u1ea9m n\u1ed5i ti\u1ebfng \u0111\u01b0\u1ee3c c\u00e1c ngh\u1ec7 s\u0129 v\u00e0 ban nh\u1ea1c n\u1ed5i ti\u1ebfng tr\u00ecnh b\u00e0y nh\u01b0 the Beatles, Elton John, Celine Dion, Yann Tiersen\u2026<\/span><\/p><p><span style=\"color: #333333;\">Gi\u00e1o tr\u00ecnh Piano t\u1eadp trung v\u00e0o \u00e2m nh\u1ea1c c\u1ed5 \u0111i\u1ec3n t\u1eeb c\u00e1c giai \u0111o\u1ea1n kh\u00e1c nhau ( Baroque, C\u1ed5 \u0111i\u1ec3n, l\u00e3ng m\u1ea1n, Hi\u1ec7n \u0111\u1ea1i) d\u00e0nh cho c\u00e1c th\u00ed sinh mu\u1ed1n theo \u0111u\u1ed5i s\u1ef1 nghi\u1ec7p \u00e2m nh\u1ea1c chuy\u00ean nghi\u1ec7p. C\u00e1c lo\u1ea1i h\u00ecnh thi bao g\u1ed3m Bi\u1ec3u di\u1ec5n (Repertoire)  v\u00e0 To\u00e0n di\u1ec7n (Comprehensive).<\/span><\/p><p><span style=\"color: #333333;\">C\u00f9ng v\u1edbi c\u00e1c gi\u00e1o tr\u00ecnh Piano, AMEB c\u0169ng cung c\u1ea5p gi\u00e1o tr\u00ecnh v\u00e0 s\u00e1ch cho thanh nh\u1ea1c v\u00e0 c\u00e1c nh\u1ea1c c\u1ee5 kh\u00e1c nh\u01b0 Violin hay Guitar. Ngo\u00e0i ra, AMEB c\u0169ng cung c\u1ea5p s\u00e1ch l\u00fd thuy\u1ebft, th\u1ecb t\u1ea5u v\u00e0 c\u1ea3m \u00e2m d\u00e0nh cho gi\u1ea3ng d\u1ea1y v\u00e0 chu\u1ea9n b\u1ecb c\u00e1c k\u00ec thi.<\/span><\/p><p><span style=\"color: #333333;\">B\u1ea1n mu\u1ed1n \u0111\u1eb7t mua s\u00e1ch c\u1ee7a AMEB\u00a0<\/span><span style=\"color: #333333;\">Order Book hotline: (+84) 38 966 9757<\/span><\/p><p><span style=\"color: #333333;\"><a style=\"color: #333333;\" href=\"https:\/\/drive.google.com\/drive\/u\/2\/folders\/1qoyfJSQkcE6chQPabUTOjptnUx-mAACJ\"><span style=\"color: #008000;\">Tham kh\u1ea3o b\u1ea3ng gi\u00e1 s\u00e1ch gi\u00e1 s\u00e1ch t\u1ea1i \u0111\u00e2y<\/span><\/a><\/span><\/p><p><span style=\"text-decoration: underline; color: #333333;\">Vui l\u00f2ng nh\u1ea5n v\u00e0o b\u00eca s\u00e1ch \u0111\u1ec3 t\u00ecm hi\u1ec3u chi ti\u1ebft v\u1ec1 t\u1eebng gi\u00e1o tr\u00ecnh c\u1ee7a ch\u00fang t\u00f4i<\/span><\/p>\t\t\t\t\t\t<\/div>\n\t\t\t\t<\/div>\n\t\t\t\t\t<\/div>\n\t\t<\/div>\n\t\t\t\t\t\t\t<\/div>\n\t\t<\/section>\n\t\t\t\t<section class=\"elementor-section elementor-top-section elementor-element elementor-element-0feac28 elementor-section-boxed elementor-section-height-default elementor-section-height-default\" data-id=\"0feac28\" data-element_type=\"section\">\n\t\t\t\t\t\t<div class=\"elementor-container elementor-column-gap-default\">\n\t\t\t\t\t<div class=\"elementor-column elementor-col-100 elementor-top-column elementor-element elementor-element-f0f1d0d\" data-id=\"f0f1d0d\" data-element_type=\"column\">\n\t\t\t<div class=\"elementor-widget-wrap elementor-element-populated\">\n\t\t\t\t\t\t\t\t<div class=\"elementor-element elementor-element-e9871a2 elementor-widget elementor-widget-shortcode\" data-id=\"e9871a2\" data-element_type=\"widget\" data-widget_type=\"shortcode.default\">\n\t\t\t\t<div class=\"elementor-widget-container\">\n\t\t\t\t\t<div class=\"elementor-shortcode\"><style type=\"text\/css\">\r\n    .wbg-parent-wrapper {\r\n    background: #FFF;\r\n    border: 1px solid #FFFFFF;\r\n    max-width: 1200px;\r\n    margin-top: 0px;\r\n    margin-bottom: 0px;\r\n    padding: 0px;\r\n    border-radius: 0px;\r\n  }\r\n  \/* Search Panel *\/\r\n  .wbg-search-container {\r\n    background: #FFFFFF;\r\n    border: 0px solid #CCCCCC;\r\n    border-radius: 0px;\r\n  }\r\n  \/* Search Input *\/\r\n  .wbg-search-container .wbg-search-item input[type=\"text\"],\r\n  .selectize-control.single .selectize-input {\r\n    background-color: #FFFFFF;\r\n  }\r\n  \/* Search Button *\/\r\n  .wbg-search-container .wbg-search-item .submit-btn {\r\n    background: #0274be;\r\n    border: 1px solid #317081;\r\n    color: #FFFFFF;\r\n  }\r\n  .wbg-search-container .wbg-search-item .submit-btn:hover {\r\n    background: #EAEAEA;\r\n    color: #242424;\r\n  }\r\n  \/* Search Reset Button *\/\r\n  .wbg-search-container .wbg-search-item a#wbg-search-refresh {\r\n    background: #EEEEEE;\r\n    border: 1px solid #999999;\r\n    color: #111111;\r\n  }\r\n  .wbg-main-wrapper .wbg-item {\r\n    border: 1px solid #DDDDDD;\r\n    background-color: #FFFFFF;\r\n    white-space: normal;\r\n    padding-top: 10px;\r\n    padding-right: 10px;\r\n    padding-left: 10px;\r\n  }\r\n  \/*\r\n  .wbg-main-wrapper .wbg-item img {\r\n    width: ;\r\n    height: ;\r\n  }\r\n  *\/\r\n  .wbg-main-wrapper .wbg-item img:hover {\r\n      }\r\n  .wbg-main-wrapper .wbg-item a.wbg-btn {\r\n    background: #0274be;\r\n    color: #FFFFFF;\r\n    font-size: 12px;\r\n  }\r\n  .wbg-main-wrapper .wbg-item a.wbg-btn:hover {\r\n    background: #0274be;\r\n    color: #FFFFFF;\r\n  }\r\n  .wbg-main-wrapper .wbg-item .wgb-item-link {\r\n    color: #242424 !important;\r\n    font-size: 25px !important;\r\n  }\r\n  .wbg-main-wrapper .wbg-item .wgb-item-link:hover {\r\n    color: #999999 !important;\r\n  }\r\n  .wbg-main-wrapper .wbg-item .wbg-description-content {\r\n    font-size: 18px !important;\r\n    color: #242424 !important;\r\n  }\r\n  \r\n  @-webkit-keyframes rotation {\r\n    from {\r\n      -webkit-transform: rotate(0deg);\r\n    }\r\n    to {\r\n      -webkit-transform: rotate(360deg);\r\n    }\r\n  }\r\n\r\n  \/* List style *\/\r\n  .wbg-main-wrapper.list .wbg-item-list-wrapper {\r\n      border-bottom: 1px solid #DDDDDD;\r\n      background-color: #FFFFFF;\r\n      white-space: normal;\r\n  }\r\n  .wbg-main-wrapper.list .wbg-item-list-wrapper .wbg-item-list-detials .wbg-title h3.wgb-item-link,\r\n  .wbg-main-wrapper.list .wbg-item-list-wrapper .wbg-item-list-detials .wbg-title a.wgb-item-link {\r\n      color: #242424 !important;\r\n      font-size: 25px !important;\r\n  }\r\n  .wbg-main-wrapper.list .wbg-item-list-wrapper .wbg-item-list-detials .wbg-title h3.wgb-item-link:hover,\r\n  .wbg-main-wrapper.list .wbg-item-list-wrapper .wbg-item-list-detials .wbg-title a.wgb-item-link:hover {\r\n      color: #999999 !important;\r\n  }\r\n  .wbg-main-wrapper.list .wbg-item-list-wrapper .wbg-item-list-detials .regular-price .wbgp-price {\r\n    font-size: 16px;\r\n  }\r\n  .wbg-main-wrapper.list .wbg-item-list-wrapper .wbg-item-list-detials .regular-price .wbgp-price.price-after {\r\n      color: #13b651;\r\n  }\r\n  .wbg-main-wrapper.list .wbg-item-list-wrapper .wbg-item-list-detials .regular-price .wbgp-price.price-before {\r\n      color: #ff7162;\r\n  }\r\n  .wbg-main-wrapper.list .wbg-item-list-wrapper .wbg-item-list-detials span.loop-author,\r\n  .wbg-main-wrapper.list .wbg-item-list-wrapper .wbg-item-list-detials span.loop-author a.wbg-list-author {\r\n    color: #555555;\r\n    font-size: 11px !important;\r\n  }\r\n  .wbg-main-wrapper.list .wbg-item-list-wrapper .wbg-item-list-detials span.loop-category,\r\n  .wbg-main-wrapper.list .wbg-item-list-wrapper .wbg-item-list-detials span.loop-category a.wbg-list-cat {\r\n    color: #555555;\r\n    font-size: 11px !important;\r\n  }\r\n  .wbg-main-wrapper.list .wbg-item-list-wrapper .wbg-item-list-detials .wbg-description-content {\r\n      font-size: 18px !important;\r\n      color: #242424 !important;\r\n  }\r\n  .wbg-main-wrapper .wbg-item-list-wrapper a.wbg-btn {\r\n      background: #0274be;\r\n      color: #FFFFFF;\r\n      font-size: 12px;\r\n  }\r\n  .wbg-main-wrapper .wbg-item-list-wrapper a.wbg-btn:hover {\r\n      background: #0274be;\r\n      color: #FFFFFF;\r\n  }\r\n<\/style><div class=\"wbg-parent-wrapper\">\r\n  <form method=\"GET\" action=\"https:\/\/ameb.com.vn\/vi\/books\" id=\"wbg-search-form\" data-trp-original-action=\"https:\/\/ameb.com.vn\/vi\/books\">\r\n    <div class=\"wrap wbg-search-container\">\r\n              <div class=\"wbg-search-item\">\r\n            <input type=\"text\" name=\"wbg_title_s\" placeholder=\"Book Title\" value=\"\">\r\n          <\/div>\r\n                    <div class=\"wbg-search-item\">\r\n            <select id=\"wbg_category_s\" name=\"wbg_category_s\" class=\"wbg-selectize\">\r\n                <option value=\"\">All Categories<\/option>\r\n                                  <option value=\"Aural &amp; Sight Reading\"  >Aural &amp; Sight Reading<\/option>\r\n                                    <option value=\"Classical Guitar\"  >Classical Guitar<\/option>\r\n                                    <option value=\"Piano\"  >Piano<\/option>\r\n                                    <option value=\"Singing\"  >Singing<\/option>\r\n                                    <option value=\"Theory of Music\"  >Theory of Music<\/option>\r\n                                    <option value=\"Violin\"  >Violin<\/option>\r\n                              <\/select>\r\n          <\/div>\r\n                      <div class=\"wbg-search-item\">\r\n                <select id=\"wbg_language_s\" name=\"wbg_language_s\" class=\"wbg-selectize\">\r\n                    <option value=\"\">T\u1ea5t c\u1ea3 ng\u00f4n ng\u1eef<\/option>\r\n                                            <option value=\"English\"  >English<\/option>\r\n                                    <\/select>\r\n            <\/div>\r\n            \r\n    <div class=\"wbg-search-item\">\r\n      <input type=\"submit\" class=\"button submit-btn\" value=\"Search Books\">\r\n    <\/div>\r\n    <div class=\"wbg-search-item refresh\">\r\n      <a href=\"https:\/\/ameb.com.vn\/vi\/books\" class=\"fa fa-refresh\" id=\"wbg-search-refresh\"><\/a>\r\n    <\/div>\r\n\r\n  <\/div>\r\n<input type=\"hidden\" name=\"trp-form-language\" value=\"vi\"\/><\/form>        <div class=\"wbg-total-books-title\">\r\n          Showing <span>1-10 tr\u00ean 17<\/span> Books        <\/div>\r\n            <div class=\"wbg-main-wrapper wbg-product-column-4 wbg-product-column-mobile-1 grid\">\r\n      <div class=\"wbg-item\">\r\n    <img decoding=\"async\" width=\"164\" height=\"220\" src=\"https:\/\/ameb.com.vn\/wp-content\/uploads\/2021\/06\/Aural-Tests-2002-HR_18-164x220.jpeg\" class=\"attachment-thumbnail size-thumbnail wp-post-image\" alt=\"\" \/>        <h3 class=\"wgb-item-link\" data-post_id=\"4548\">Aural Tests (2002)<\/h3>\r\n                    <span class=\"loop-category\">\r\n                                <a href=\"https:\/\/ameb.com.vn\/vi\/book-category\/aural-sight-reading\" class=\"wbg-list-author\">Aural &amp; Sight Reading<\/a>            <\/span>\r\n                <!-- Button Panel -->\r\n    <div class=\"wbg-button-container\">\r\n            <\/div>\r\n<\/div><div class=\"wbg-item\">\r\n    <img decoding=\"async\" width=\"164\" height=\"220\" src=\"https:\/\/ameb.com.vn\/wp-content\/uploads\/2020\/05\/Classical_Guitar_Series_2_Preliminary_FA_52-164x220.jpeg\" class=\"attachment-thumbnail size-thumbnail wp-post-image\" alt=\"\" \/>        <h3 class=\"wgb-item-link\" data-post_id=\"4542\">Classical Guitar<\/h3>\r\n                    <span class=\"loop-category\">\r\n                                <a href=\"https:\/\/ameb.com.vn\/vi\/book-category\/classical-guitar\" class=\"wbg-list-author\">Classical Guitar<\/a>            <\/span>\r\n                <!-- Button Panel -->\r\n    <div class=\"wbg-button-container\">\r\n            <\/div>\r\n<\/div><div class=\"wbg-item\">\r\n    <img decoding=\"async\" width=\"164\" height=\"220\" src=\"https:\/\/ameb.com.vn\/wp-content\/uploads\/2021\/06\/Classical_Guitar_Sight_reading_2011-HR_42-164x220.jpeg\" class=\"attachment-thumbnail size-thumbnail wp-post-image\" alt=\"\" \/>        <h3 class=\"wgb-item-link\" data-post_id=\"4551\">Classical Guitar Sight Reading...<\/h3>\r\n                    <span class=\"loop-category\">\r\n                                <a href=\"https:\/\/ameb.com.vn\/vi\/book-category\/aural-sight-reading\" class=\"wbg-list-author\">Aural &amp; Sight Reading<\/a>, <a href=\"https:\/\/ameb.com.vn\/vi\/book-category\/classical-guitar\" class=\"wbg-list-author\">Classical Guitar<\/a>            <\/span>\r\n                <!-- Button Panel -->\r\n    <div class=\"wbg-button-container\">\r\n            <\/div>\r\n<\/div><div class=\"wbg-item\">\r\n    <img loading=\"lazy\" decoding=\"async\" width=\"164\" height=\"220\" src=\"https:\/\/ameb.com.vn\/wp-content\/uploads\/2020\/04\/Cover_-_Book_1_0_4-164x220.jpeg\" class=\"attachment-thumbnail size-thumbnail wp-post-image\" alt=\"\" \/>        <h3 class=\"wgb-item-link\" data-post_id=\"4513\">P Plate Piano<\/h3>\r\n                    <span class=\"loop-category\">\r\n                                <a href=\"https:\/\/ameb.com.vn\/vi\/book-category\/aural-sight-reading\" class=\"wbg-list-author\">Aural &amp; Sight Reading<\/a>            <\/span>\r\n                <!-- Button Panel -->\r\n    <div class=\"wbg-button-container\">\r\n            <\/div>\r\n<\/div><div class=\"wbg-item\">\r\n    <img loading=\"lazy\" decoding=\"async\" width=\"164\" height=\"220\" src=\"https:\/\/ameb.com.vn\/wp-content\/uploads\/2020\/04\/Piano-for-Leisure-Series-1-Prelim-164x220.jpg\" class=\"attachment-thumbnail size-thumbnail wp-post-image\" alt=\"\" srcset=\"https:\/\/ameb.com.vn\/wp-content\/uploads\/2020\/04\/Piano-for-Leisure-Series-1-Prelim-164x220.jpg 164w, https:\/\/ameb.com.vn\/wp-content\/uploads\/2020\/04\/Piano-for-Leisure-Series-1-Prelim-223x300.jpg 223w, https:\/\/ameb.com.vn\/wp-content\/uploads\/2020\/04\/Piano-for-Leisure-Series-1-Prelim.jpg 372w\" sizes=\"(max-width: 164px) 100vw, 164px\" \/>        <h3 class=\"wgb-item-link\" data-post_id=\"4546\">Piano for Leisure Series...<\/h3>\r\n                    <span class=\"loop-category\">\r\n                                <a href=\"https:\/\/ameb.com.vn\/vi\/book-category\/piano\" class=\"wbg-list-author\">Piano<\/a>            <\/span>\r\n                <!-- Button Panel -->\r\n    <div class=\"wbg-button-container\">\r\n            <\/div>\r\n<\/div><div class=\"wbg-item\">\r\n    <img loading=\"lazy\" decoding=\"async\" width=\"164\" height=\"220\" src=\"https:\/\/ameb.com.vn\/wp-content\/uploads\/2020\/04\/Piano-for-Leisure-Series-2-Preliminary-164x220.jpg\" class=\"attachment-thumbnail size-thumbnail wp-post-image\" alt=\"\" srcset=\"https:\/\/ameb.com.vn\/wp-content\/uploads\/2020\/04\/Piano-for-Leisure-Series-2-Preliminary-164x220.jpg 164w, https:\/\/ameb.com.vn\/wp-content\/uploads\/2020\/04\/Piano-for-Leisure-Series-2-Preliminary-224x300.jpg 224w, https:\/\/ameb.com.vn\/wp-content\/uploads\/2020\/04\/Piano-for-Leisure-Series-2-Preliminary.jpg 374w\" sizes=\"(max-width: 164px) 100vw, 164px\" \/>        <h3 class=\"wgb-item-link\" data-post_id=\"4545\">Piano for Leisure Series...<\/h3>\r\n                    <span class=\"loop-category\">\r\n                                <a href=\"https:\/\/ameb.com.vn\/vi\/book-category\/piano\" class=\"wbg-list-author\">Piano<\/a>            <\/span>\r\n                <!-- Button Panel -->\r\n    <div class=\"wbg-button-container\">\r\n            <\/div>\r\n<\/div><div class=\"wbg-item\">\r\n    <img loading=\"lazy\" decoding=\"async\" width=\"164\" height=\"220\" src=\"https:\/\/ameb.com.vn\/wp-content\/uploads\/2020\/06\/Piano-for-Leisure-Series-3-Preliminary_0_4-164x220.jpeg\" class=\"attachment-thumbnail size-thumbnail wp-post-image\" alt=\"\" srcset=\"https:\/\/ameb.com.vn\/wp-content\/uploads\/2020\/06\/Piano-for-Leisure-Series-3-Preliminary_0_4-164x220.jpeg 164w, https:\/\/ameb.com.vn\/wp-content\/uploads\/2020\/06\/Piano-for-Leisure-Series-3-Preliminary_0_4-223x300.jpeg 223w, https:\/\/ameb.com.vn\/wp-content\/uploads\/2020\/06\/Piano-for-Leisure-Series-3-Preliminary_0_4.jpeg 372w\" sizes=\"(max-width: 164px) 100vw, 164px\" \/>        <h3 class=\"wgb-item-link\" data-post_id=\"4544\">Piano for Leisure Series...<\/h3>\r\n                    <span class=\"loop-category\">\r\n                                <a href=\"https:\/\/ameb.com.vn\/vi\/book-category\/piano\" class=\"wbg-list-author\">Piano<\/a>            <\/span>\r\n                <!-- Button Panel -->\r\n    <div class=\"wbg-button-container\">\r\n            <\/div>\r\n<\/div><div class=\"wbg-item\">\r\n    <img loading=\"lazy\" decoding=\"async\" width=\"164\" height=\"220\" src=\"https:\/\/ameb.com.vn\/wp-content\/uploads\/2020\/04\/Piano-for-Leisure-Preliminary-Cover-164x220.jpg\" class=\"attachment-thumbnail size-thumbnail wp-post-image\" alt=\"\" \/>        <h3 class=\"wgb-item-link\" data-post_id=\"4543\">Piano for Leisure Series...<\/h3>\r\n                    <span class=\"loop-category\">\r\n                                <a href=\"https:\/\/ameb.com.vn\/vi\/book-category\/piano\" class=\"wbg-list-author\">Piano<\/a>            <\/span>\r\n                <!-- Button Panel -->\r\n    <div class=\"wbg-button-container\">\r\n            <\/div>\r\n<\/div><div class=\"wbg-item\">\r\n    <img loading=\"lazy\" decoding=\"async\" width=\"164\" height=\"220\" src=\"https:\/\/ameb.com.vn\/wp-content\/uploads\/2020\/04\/piano_s18_grade_preliminary-164x220.jpeg\" class=\"attachment-thumbnail size-thumbnail wp-post-image\" alt=\"\" srcset=\"https:\/\/ameb.com.vn\/wp-content\/uploads\/2020\/04\/piano_s18_grade_preliminary-164x220.jpeg 164w, https:\/\/ameb.com.vn\/wp-content\/uploads\/2020\/04\/piano_s18_grade_preliminary-223x300.jpeg 223w, https:\/\/ameb.com.vn\/wp-content\/uploads\/2020\/04\/piano_s18_grade_preliminary.jpeg 372w\" sizes=\"(max-width: 164px) 100vw, 164px\" \/>        <h3 class=\"wgb-item-link\" data-post_id=\"4537\">Piano Series 18<\/h3>\r\n                    <span class=\"loop-category\">\r\n                                <a href=\"https:\/\/ameb.com.vn\/vi\/book-category\/piano\" class=\"wbg-list-author\">Piano<\/a>            <\/span>\r\n                <!-- Button Panel -->\r\n    <div class=\"wbg-button-container\">\r\n            <\/div>\r\n<\/div><div class=\"wbg-item\">\r\n    <img loading=\"lazy\" decoding=\"async\" width=\"164\" height=\"220\" src=\"https:\/\/ameb.com.vn\/wp-content\/uploads\/2021\/06\/piano_s18_sightreading-164x220.jpeg\" class=\"attachment-thumbnail size-thumbnail wp-post-image\" alt=\"\" srcset=\"https:\/\/ameb.com.vn\/wp-content\/uploads\/2021\/06\/piano_s18_sightreading-164x220.jpeg 164w, https:\/\/ameb.com.vn\/wp-content\/uploads\/2021\/06\/piano_s18_sightreading-223x300.jpeg 223w, https:\/\/ameb.com.vn\/wp-content\/uploads\/2021\/06\/piano_s18_sightreading.jpeg 372w\" sizes=\"(max-width: 164px) 100vw, 164px\" \/>        <h3 class=\"wgb-item-link\" data-post_id=\"4550\">Piano Sight Reading<\/h3>\r\n                    <span class=\"loop-category\">\r\n                                <a href=\"https:\/\/ameb.com.vn\/vi\/book-category\/aural-sight-reading\" class=\"wbg-list-author\">Aural &amp; Sight Reading<\/a>, <a href=\"https:\/\/ameb.com.vn\/vi\/book-category\/piano\" class=\"wbg-list-author\">Piano<\/a>            <\/span>\r\n                <!-- Button Panel -->\r\n    <div class=\"wbg-button-container\">\r\n            <\/div>\r\n<\/div>    <\/div>\r\n    <\/div>\r\n<\/div>\n\t\t\t\t<\/div>\n\t\t\t\t<\/div>\n\t\t\t\t\t<\/div>\n\t\t<\/div>\n\t\t\t\t\t\t\t<\/div>\n\t\t<\/section>\n\t\t\t\t\t\t\t<\/div>","protected":false},"excerpt":{"rendered":"<p>Our Publications AMEB is the biggest and most comprehensive Music Examinations Board in the Oceania. We provide 42 instrumental and singing syllabuses. AMEB syllabuses and grade books are rich and specific for each instrument. AMEB books are written and compiled by music educational experts and top ranking professionals in Australia. The syllabuses use an educational &hellip;<\/p>\n<p class=\"read-more\"> <a class=\"\" href=\"https:\/\/ameb.com.vn\/vi\/books\/piano-sight-reading-2018\/\"> <span class=\"screen-reader-text\">Piano Sight Reading<\/span> Read More &raquo;<\/a><\/p>","protected":false},"author":1,"featured_media":0,"parent":0,"menu_order":5,"comment_status":"closed","ping_status":"closed","template":"elementor_header_footer","meta":{"site-sidebar-layout":"default","site-content-layout":"","ast-site-content-layout":"","site-content-style":"default","site-sidebar-style":"default","ast-global-header-display":"","ast-banner-title-visibility":"","ast-main-header-display":"","ast-hfb-above-header-display":"","ast-hfb-below-header-display":"","ast-hfb-mobile-header-display":"","site-post-title":"","ast-breadcrumbs-content":"","ast-featured-img":"","footer-sml-layout":"","theme-transparent-header-meta":"","adv-header-id-meta":"","stick-header-meta":"","header-above-stick-meta":"","header-main-stick-meta":"","header-below-stick-meta":"","astra-migrate-meta-layouts":"","ast-page-background-enabled":"default","ast-page-background-meta":{"desktop":{"background-color":"var(--ast-global-color-4)","background-image":"","background-repeat":"repeat","background-position":"center center","background-size":"auto","background-attachment":"scroll","background-type":"","background-media":"","overlay-type":"","overlay-color":"","overlay-gradient":""},"tablet":{"background-color":"","background-image":"","background-repeat":"repeat","background-position":"center center","background-size":"auto","background-attachment":"scroll","background-type":"","background-media":"","overlay-type":"","overlay-color":"","overlay-gradient":""},"mobile":{"background-color":"","background-image":"","background-repeat":"repeat","background-position":"center center","background-size":"auto","background-attachment":"scroll","background-type":"","background-media":"","overlay-type":"","overlay-color":"","overlay-gradient":""}},"ast-content-background-meta":{"desktop":{"background-color":"var(--ast-global-color-5)","background-image":"","background-repeat":"repeat","background-position":"center center","background-size":"auto","background-attachment":"scroll","background-type":"","background-media":"","overlay-type":"","overlay-color":"","overlay-gradient":""},"tablet":{"background-color":"var(--ast-global-color-5)","background-image":"","background-repeat":"repeat","background-position":"center center","background-size":"auto","background-attachment":"scroll","background-type":"","background-media":"","overlay-type":"","overlay-color":"","overlay-gradient":""},"mobile":{"background-color":"var(--ast-global-color-5)","background-image":"","background-repeat":"repeat","background-position":"center center","background-size":"auto","background-attachment":"scroll","background-type":"","background-media":"","overlay-type":"","overlay-color":"","overlay-gradient":""}},"footnotes":""},"class_list":["post-738","page","type-page","status-publish","hentry"],"_links":{"self":[{"href":"https:\/\/ameb.com.vn\/vi\/wp-json\/wp\/v2\/pages\/738","targetHints":{"allow":["GET"]}}],"collection":[{"href":"https:\/\/ameb.com.vn\/vi\/wp-json\/wp\/v2\/pages"}],"about":[{"href":"https:\/\/ameb.com.vn\/vi\/wp-json\/wp\/v2\/types\/page"}],"author":[{"embeddable":true,"href":"https:\/\/ameb.com.vn\/vi\/wp-json\/wp\/v2\/users\/1"}],"replies":[{"embeddable":true,"href":"https:\/\/ameb.com.vn\/vi\/wp-json\/wp\/v2\/comments?post=738"}],"version-history":[{"count":0,"href":"https:\/\/ameb.com.vn\/vi\/wp-json\/wp\/v2\/pages\/738\/revisions"}],"wp:attachment":[{"href":"https:\/\/ameb.com.vn\/vi\/wp-json\/wp\/v2\/media?parent=738"}],"curies":[{"name":"wp","href":"https:\/\/api.w.org\/{rel}","templated":true}]}}