{"id":5410,"date":"2022-03-29T07:23:42","date_gmt":"2022-03-29T07:23:42","guid":{"rendered":"https:\/\/ameb.com.vn\/?page_id=5410"},"modified":"2022-03-29T08:05:25","modified_gmt":"2022-03-29T08:05:25","slug":"huong-dan-dang-ky-thi-qua-he-thong-score","status":"publish","type":"page","link":"https:\/\/ameb.com.vn\/vi\/exams\/huong-dan-dang-ky-thi-qua-he-thong-score\/","title":{"rendered":"H\u01b0\u1edbng d\u1eabn \u0111\u0103ng k\u00fd thi qua h\u1ec7 th\u1ed1ng SCORE"},"content":{"rendered":"<p>SCORE l\u00e0 m\u1ed9t h\u1ec7 th\u1ed1ng \u0111\u0103ng k\u00ed thi v\u00e0 h\u1ecdc ch\u01b0\u01a1ng tr\u00ecnh AMEB th\u00e2n thi\u1ec7n v\u00e0 \u0111\u01a1n gi\u1ea3n v\u1edbi ng\u01b0\u1eddi d\u00f9ng \u2013 d\u00e0nh ri\u00eang cho h\u1ecdc sinh, gi\u00e1o vi\u00ean, v\u00e0 ph\u1ee5 huynh Vi\u1ec7t Nam. \u0110\u1ec3 \u0111\u0103ng k\u00fd b\u1ea5t k\u1ef3 m\u1ed9t k\u00ec thi hay kh\u00f3a h\u1ecdc n\u00e0o t\u1eeb AMEB b\u1ea1n h\u00e3y truy c\u1eadp SCORE: <a href=\"https:\/\/vietnam.ameb.edu.au\/candidate\/login\">https:\/\/vietnam.ameb.edu.au\/candidate\/login<\/a><br><\/p>\n\n\n\n<div data-wp-interactive=\"core\/file\" class=\"wp-block-file aligncenter\" id=\"https:\/\/ameb.com.vn\/dang-ky-thi-ameb\/\"><object data-wp-bind--hidden=\"!state.hasPdfPreview\" hidden class=\"wp-block-file__embed\" data=\"https:\/\/ameb.com.vn\/wp-content\/uploads\/2022\/03\/SCORE-1.pdf\" type=\"application\/pdf\" style=\"width:100%;height:712px\" aria-label=\"Embed of Embed of SCORE-1..\"><\/object><a id=\"wp-block-file--media-035e7fa6-9cf3-4d43-a7f9-d7e2f448a608\" href=\"https:\/\/ameb.com.vn\/wp-content\/uploads\/2022\/03\/SCORE-1.pdf\">SCORE-1<\/a><a href=\"https:\/\/ameb.com.vn\/wp-content\/uploads\/2022\/03\/SCORE-1.pdf\" class=\"wp-block-file__button\" download aria-describedby=\"wp-block-file--media-035e7fa6-9cf3-4d43-a7f9-d7e2f448a608\">Download<\/a><\/div>\n\n\n\n\n\n<p><\/p>","protected":false},"excerpt":{"rendered":"<p>SCORE l\u00e0 m\u1ed9t h\u1ec7 th\u1ed1ng \u0111\u0103ng k\u00ed thi v\u00e0 h\u1ecdc ch\u01b0\u01a1ng tr\u00ecnh AMEB th\u00e2n thi\u1ec7n v\u00e0 \u0111\u01a1n gi\u1ea3n v\u1edbi ng\u01b0\u1eddi d\u00f9ng \u2013 d\u00e0nh ri\u00eang cho h\u1ecdc sinh, gi\u00e1o vi\u00ean, v\u00e0 ph\u1ee5 huynh Vi\u1ec7t Nam. \u0110\u1ec3 \u0111\u0103ng k\u00fd b\u1ea5t k\u1ef3 m\u1ed9t k\u00ec thi hay kh\u00f3a h\u1ecdc n\u00e0o t\u1eeb AMEB b\u1ea1n h\u00e3y truy c\u1eadp SCORE: https:\/\/vietnam.ameb.edu.au\/candidate\/login<\/p>","protected":false},"author":7,"featured_media":0,"parent":128,"menu_order":2,"comment_status":"closed","ping_status":"closed","template":"","meta":{"site-sidebar-layout":"default","site-content-layout":"","ast-site-content-layout":"","site-content-style":"default","site-sidebar-style":"default","ast-global-header-display":"","ast-banner-title-visibility":"","ast-main-header-display":"","ast-hfb-above-header-display":"","ast-hfb-below-header-display":"","ast-hfb-mobile-header-display":"","site-post-title":"","ast-breadcrumbs-content":"","ast-featured-img":"","footer-sml-layout":"","theme-transparent-header-meta":"","adv-header-id-meta":"","stick-header-meta":"","header-above-stick-meta":"","header-main-stick-meta":"","header-below-stick-meta":"","astra-migrate-meta-layouts":"","ast-page-background-enabled":"default","ast-page-background-meta":{"desktop":{"background-color":"var(--ast-global-color-4)","background-image":"","background-repeat":"repeat","background-position":"center center","background-size":"auto","background-attachment":"scroll","background-type":"","background-media":"","overlay-type":"","overlay-color":"","overlay-gradient":""},"tablet":{"background-color":"","background-image":"","background-repeat":"repeat","background-position":"center center","background-size":"auto","background-attachment":"scroll","background-type":"","background-media":"","overlay-type":"","overlay-color":"","overlay-gradient":""},"mobile":{"background-color":"","background-image":"","background-repeat":"repeat","background-position":"center center","background-size":"auto","background-attachment":"scroll","background-type":"","background-media":"","overlay-type":"","overlay-color":"","overlay-gradient":""}},"ast-content-background-meta":{"desktop":{"background-color":"var(--ast-global-color-5)","background-image":"","background-repeat":"repeat","background-position":"center center","background-size":"auto","background-attachment":"scroll","background-type":"","background-media":"","overlay-type":"","overlay-color":"","overlay-gradient":""},"tablet":{"background-color":"var(--ast-global-color-5)","background-image":"","background-repeat":"repeat","background-position":"center center","background-size":"auto","background-attachment":"scroll","background-type":"","background-media":"","overlay-type":"","overlay-color":"","overlay-gradient":""},"mobile":{"background-color":"var(--ast-global-color-5)","background-image":"","background-repeat":"repeat","background-position":"center center","background-size":"auto","background-attachment":"scroll","background-type":"","background-media":"","overlay-type":"","overlay-color":"","overlay-gradient":""}},"footnotes":""},"class_list":["post-5410","page","type-page","status-publish","hentry"],"_links":{"self":[{"href":"https:\/\/ameb.com.vn\/vi\/wp-json\/wp\/v2\/pages\/5410","targetHints":{"allow":["GET"]}}],"collection":[{"href":"https:\/\/ameb.com.vn\/vi\/wp-json\/wp\/v2\/pages"}],"about":[{"href":"https:\/\/ameb.com.vn\/vi\/wp-json\/wp\/v2\/types\/page"}],"author":[{"embeddable":true,"href":"https:\/\/ameb.com.vn\/vi\/wp-json\/wp\/v2\/users\/7"}],"replies":[{"embeddable":true,"href":"https:\/\/ameb.com.vn\/vi\/wp-json\/wp\/v2\/comments?post=5410"}],"version-history":[{"count":0,"href":"https:\/\/ameb.com.vn\/vi\/wp-json\/wp\/v2\/pages\/5410\/revisions"}],"up":[{"embeddable":true,"href":"https:\/\/ameb.com.vn\/vi\/wp-json\/wp\/v2\/pages\/128"}],"wp:attachment":[{"href":"https:\/\/ameb.com.vn\/vi\/wp-json\/wp\/v2\/media?parent=5410"}],"curies":[{"name":"wp","href":"https:\/\/api.w.org\/{rel}","templated":true}]}}