{"id":4655,"date":"2022-02-09T00:04:13","date_gmt":"2022-02-09T00:04:13","guid":{"rendered":"https:\/\/ameb.com.vn\/?page_id=4655"},"modified":"2022-03-28T04:57:33","modified_gmt":"2022-03-28T04:57:33","slug":"thu-ngo-chuc-mung-viet-nam-day-lui-dai-dich-covid-19-va-hoc-sinh-duoc-quay-lai-truong-hoc-tu-ong-bernard-depasquale-ceo-ameb","status":"publish","type":"page","link":"https:\/\/ameb.com.vn\/vi\/thu-ngo-chuc-mung-viet-nam-day-lui-dai-dich-covid-19-va-hoc-sinh-duoc-quay-lai-truong-hoc-tu-ong-bernard-depasquale-ceo-ameb\/","title":{"rendered":"Th\u01b0 ng\u1ecf ch\u00fac m\u1eebng Vi\u1ec7t Nam \u0111\u1ea9y l\u00f9i \u0111\u1ea1i d\u1ecbch Covid 19 v\u00e0 h\u1ecdc sinh \u0111\u01b0\u1ee3c quay l\u1ea1i tr\u01b0\u1eddng h\u1ecdc t\u1eeb \u00f4ng Bernard Depasquale, CEO AMEB"},"content":{"rendered":"<div data-elementor-type=\"wp-page\" data-elementor-id=\"4655\" class=\"elementor elementor-4655\">\n\t\t\t\t\t\t\t\t\t<section class=\"elementor-section elementor-top-section elementor-element elementor-element-6872ed6c elementor-section-full_width elementor-section-stretched elementor-section-height-default elementor-section-height-default\" data-id=\"6872ed6c\" data-element_type=\"section\" data-settings=\"{&quot;stretch_section&quot;:&quot;section-stretched&quot;}\" data-e-bg-lazyload=\".elementor-background-overlay\">\n\t\t\t\t\t\t\t<div class=\"elementor-background-overlay\"><\/div>\n\t\t\t\t\t\t\t<div class=\"elementor-container elementor-column-gap-no\">\n\t\t\t\t\t<div class=\"elementor-column elementor-col-100 elementor-top-column elementor-element elementor-element-23c78f9b\" data-id=\"23c78f9b\" data-element_type=\"column\">\n\t\t\t<div class=\"elementor-widget-wrap elementor-element-populated\">\n\t\t\t\t\t\t\t\t<div class=\"elementor-element elementor-element-194e000b elementor-widget elementor-widget-text-editor\" data-id=\"194e000b\" data-element_type=\"widget\" data-widget_type=\"text-editor.default\">\n\t\t\t\t<div class=\"elementor-widget-container\">\n\t\t\t<style>\/*! elementor - v3.17.0 - 08-11-2023 *\/\n.elementor-widget-text-editor.elementor-drop-cap-view-stacked .elementor-drop-cap{background-color:#69727d;color:#fff}.elementor-widget-text-editor.elementor-drop-cap-view-framed .elementor-drop-cap{color:#69727d;border:3px solid;background-color:transparent}.elementor-widget-text-editor:not(.elementor-drop-cap-view-default) .elementor-drop-cap{margin-top:8px}.elementor-widget-text-editor:not(.elementor-drop-cap-view-default) .elementor-drop-cap-letter{width:1em;height:1em}.elementor-widget-text-editor .elementor-drop-cap{float:left;text-align:center;line-height:1;font-size:50px}.elementor-widget-text-editor .elementor-drop-cap-letter{display:inline-block}<\/style>\t\t\t\t<h1><span style=\"color: #ffffff;\">Th\u01b0 ng\u1ecf ch\u00fac m\u1eebng Vi\u1ec7t Nam \u0111\u1ea9y l\u00f9i \u0111\u1ea1i d\u1ecbch Covid 19 v\u00e0 h\u1ecdc sinh \u0111\u01b0\u1ee3c quay l\u1ea1i tr\u01b0\u1eddng h\u1ecdc t\u1eeb \u00f4ng Bernard Depasquale, CEO AMEB<\/span><\/h1>\t\t\t\t\t\t<\/div>\n\t\t\t\t<\/div>\n\t\t\t\t\t<\/div>\n\t\t<\/div>\n\t\t\t\t\t\t\t<\/div>\n\t\t<\/section>\n\t\t\t\t<section class=\"elementor-section elementor-top-section elementor-element elementor-element-6dbe7367 elementor-section-boxed elementor-section-height-default elementor-section-height-default\" data-id=\"6dbe7367\" data-element_type=\"section\">\n\t\t\t\t\t\t<div class=\"elementor-container elementor-column-gap-default\">\n\t\t\t\t\t<div class=\"elementor-column elementor-col-100 elementor-top-column elementor-element elementor-element-27c7b84e\" data-id=\"27c7b84e\" data-element_type=\"column\">\n\t\t\t<div class=\"elementor-widget-wrap elementor-element-populated\">\n\t\t\t\t\t\t\t\t<div class=\"elementor-element elementor-element-f11c143 elementor-widget elementor-widget-spacer\" data-id=\"f11c143\" data-element_type=\"widget\" data-widget_type=\"spacer.default\">\n\t\t\t\t<div class=\"elementor-widget-container\">\n\t\t\t<style>\/*! elementor - v3.17.0 - 08-11-2023 *\/\n.elementor-column .elementor-spacer-inner{height:var(--spacer-size)}.e-con{--container-widget-width:100%}.e-con-inner>.elementor-widget-spacer,.e-con>.elementor-widget-spacer{width:var(--container-widget-width,var(--spacer-size));--align-self:var(--container-widget-align-self,initial);--flex-shrink:0}.e-con-inner>.elementor-widget-spacer>.elementor-widget-container,.e-con>.elementor-widget-spacer>.elementor-widget-container{height:100%;width:100%}.e-con-inner>.elementor-widget-spacer>.elementor-widget-container>.elementor-spacer,.e-con>.elementor-widget-spacer>.elementor-widget-container>.elementor-spacer{height:100%}.e-con-inner>.elementor-widget-spacer>.elementor-widget-container>.elementor-spacer>.elementor-spacer-inner,.e-con>.elementor-widget-spacer>.elementor-widget-container>.elementor-spacer>.elementor-spacer-inner{height:var(--container-widget-height,var(--spacer-size))}.e-con-inner>.elementor-widget-spacer.elementor-widget-empty,.e-con>.elementor-widget-spacer.elementor-widget-empty{position:relative;min-height:22px;min-width:22px}.e-con-inner>.elementor-widget-spacer.elementor-widget-empty .elementor-widget-empty-icon,.e-con>.elementor-widget-spacer.elementor-widget-empty .elementor-widget-empty-icon{position:absolute;top:0;bottom:0;left:0;right:0;margin:auto;padding:0;width:22px;height:22px}<\/style>\t\t<div class=\"elementor-spacer\">\n\t\t\t<div class=\"elementor-spacer-inner\"><\/div>\n\t\t<\/div>\n\t\t\t\t<\/div>\n\t\t\t\t<\/div>\n\t\t\t\t<div class=\"elementor-element elementor-element-692e7eee elementor-widget elementor-widget-text-editor\" data-id=\"692e7eee\" data-element_type=\"widget\" data-widget_type=\"text-editor.default\">\n\t\t\t\t<div class=\"elementor-widget-container\">\n\t\t\t\t\t\t\t<p><img decoding=\"async\" class=\"wp-image-745 alignright\" src=\"https:\/\/ameb.com.vn\/wp-content\/uploads\/2020\/04\/AMEB_Bernard_Depasquale-004_square-300x300.jpg\" alt=\"Bernard Depasquale\" width=\"192\" height=\"192\" srcset=\"https:\/\/ameb.com.vn\/wp-content\/uploads\/2020\/04\/AMEB_Bernard_Depasquale-004_square-300x300.jpg 300w, https:\/\/ameb.com.vn\/wp-content\/uploads\/2020\/04\/AMEB_Bernard_Depasquale-004_square-100x100.jpg 100w, https:\/\/ameb.com.vn\/wp-content\/uploads\/2020\/04\/AMEB_Bernard_Depasquale-004_square-600x600.jpg 600w, https:\/\/ameb.com.vn\/wp-content\/uploads\/2020\/04\/AMEB_Bernard_Depasquale-004_square-768x768.jpg 768w, https:\/\/ameb.com.vn\/wp-content\/uploads\/2020\/04\/AMEB_Bernard_Depasquale-004_square-1024x1024.jpg 1024w, https:\/\/ameb.com.vn\/wp-content\/uploads\/2020\/04\/AMEB_Bernard_Depasquale-004_square.jpg 1068w\" sizes=\"(max-width: 192px) 100vw, 192px\" \/>\u0110\u1ec3 ch\u00fac m\u1eebng Vi\u1ec7t Nam \u0111\u00e3 v\u01b0\u1ee3t qua COVID 19 v\u00e0 h\u1ecdc sinh b\u1eaft \u0111\u1ea7u \u0111i h\u1ecdc tr\u1edf l\u1ea1i, \u00f4ng Bernard Depasquale, Gi\u00e1m \u0111\u1ed1c \u0111i\u1ec1u h\u00e0nh AMEB Ltd. \u0111\u00e3 g\u1eedi t\u1edbi m\u1ed9t b\u1ee9c th\u01b0 . \u0110\u1ed3ng th\u1eddi, AMEB \u0111\u00e3 quy\u1ebft \u0111\u1ecbnh \u0111\u01b0a ra m\u1ed9t s\u1ed1 ph\u01b0\u01a1ng \u00e1n thi thay th\u1ebf \u0111\u1ec3 h\u1ed7 tr\u1ee3 c\u00e1c tr\u01b0\u1eddng \u00e2m nh\u1ea1c v\u00e0 h\u1ecdc sinh, \u0111\u1ec3 c\u00f3 th\u1ec3 c\u00f9ng nhau \u0111\u1ed1i m\u1eb7t v\u1edbi nh\u1eefng th\u00e1ch th\u1ee9c c\u1ee7a gi\u00e1o d\u1ee5c \u00e2m nh\u1ea1c t\u1ea1i Vi\u1ec7t Nam trong th\u1eddi \u0111i\u1ec3m kh\u00f3 kh\u0103n n\u00e0y.&nbsp;<\/p>\n<p><\/p>\n<p>Th\u00e2n g\u1eedi \u0111\u1ebfn nh\u1eefng ng\u01b0\u1eddi b\u1ea1n c\u1ee7a ch\u00fang t\u00f4i t\u1ea1i Vi\u1ec7t Nam,<\/p>\n<p>2020 \u0111\u00e3 tr\u1edf th\u00e0nh l\u00e0 m\u1ed9t n\u0103m kh\u00f4ng ng\u1edd \u0111\u1ed1i v\u1edbi t\u1ea5t c\u1ea3 v\u00e0 ch\u00fang ta v\u1eabn \u0111ang n\u1ed7 l\u1ef1c t\u1ed1i \u0111a \u0111\u1ec3 h\u1ed7 tr\u1ee3 c\u00f4ng t\u00e1c gi\u00e1o d\u1ee5c \u00e2m nh\u1ea1c trong \u0111i\u1ec1u ki\u1ec7n \u0111\u1eb7c bi\u1ec7t ch\u01b0a t\u1eebng c\u00f3 n\u00e0y. Trong ho\u00e0n c\u1ea3nh m\u1edbi, AMEB quy\u1ebft \u0111\u1ecbnh tri\u1ec3n khai m\u1ed9t s\u1ed1 gi\u1ea3i ph\u00e1p thay th\u1ebf cho c\u00e1c k\u00ec thi truy\u1ec1n th\u1ed1ng.<\/p>\n<p>AMEB \u0111\u00e3 ph\u00e1t tri\u1ec3n th\u00eam nh\u1eefng l\u1ef1a ch\u1ecdn \u0111\u1ec3 c\u00e1c th\u00ed sinh c\u00f3 th\u1ec3 ti\u1ebfp t\u1ee5c thi l\u1ea5y ch\u1ee9ng ch\u1ec9 \u00e2m nh\u1ea1c AMEB trong n\u0103m 2020. \u0110\u1ea7u ti\u00ean, AMEB s\u1ebd t\u1ed5 ch\u1ee9c h\u00ecnh th\u1ee9c thi Video Repertoire exams. Lo\u1ea1i h\u00ecnh thi n\u00e0y cho ph\u00e9p th\u00ed sinh th\u1ec3 hi\u1ec7n v\u00e0 ghi l\u1ea1i nh\u1eefng t\u00e1c ph\u1ea9m bi\u1ec3u di\u1ec5n c\u1ee7a m\u00ecnh trong m\u1ed9t video v\u00e0 n\u1ed9p b\u00e0i thi cho AMEB. Gi\u00e1m kh\u1ea3o tr\u1ef1c thu\u1ed9c H\u1ed9i \u0111\u1ed3ng Gi\u00e1m kh\u1ea3o Qu\u1ed1c t\u1ebf c\u1ee7a AMEB s\u1ebd \u0111\u00e1nh gi\u00e1 v\u00e0 ch\u1ea5m \u0111i\u1ec3m video d\u1ef1 thi v\u00e0 th\u00ed sinh s\u1ebd nh\u1eadn \u0111\u01b0\u1ee3c b\u00e1o c\u00e1o k\u1ebft qu\u1ea3 v\u00e0 Ch\u1ee9ng ch\u1ec9 AMEB ch\u00ednh th\u1ee9c.<\/p>\n<p>Hai n\u1ed9i dung \u201cPiano for Leisure\u201d v\u00e0 \u201cSinging for Leisure\u201d c\u0169ng \u0111\u01b0\u1ee3c \u0111i\u1ec1u ch\u1ec9nh th\u00e0nh h\u00ecnh th\u1ee9c thi Video Repertoire exams. Th\u00ed sinh \u0111\u01b0\u1ee3c y\u00eau c\u1ea7u th\u1ef1c hi\u1ec7n th\u00eam m\u1ed9t t\u00e1c ph\u1ea9m bi\u1ec3u di\u1ec5n t\u1ef1 ch\u1ecdn thay cho ph\u1ea7n ki\u1ec3m tra k\u1ef9 n\u0103ng (technical work), th\u1ecb t\u1ea5u (sight-reading), ki\u1ec3m tra nghe (aural test), v\u00e0 ki\u1ebfn th\u1ee9c chung (general knowledge). T\u1ea5t c\u1ea3 nh\u1eefng thay \u0111\u1ed5i n\u00e0y \u00e1p d\u1ee5ng cho c\u1ea3 Piano v\u00e0 Singing for Leisure d\u01b0\u1edbi h\u00ecnh th\u1ee9c Video Repertoire Exam.<\/p>\n<p>Th\u1ea5u hi\u1ec3u 2020 l\u00e0 m\u1ed9t n\u0103m kh\u00f3 kh\u0103n \u0111\u1ed1i v\u1edbi t\u1ea5t c\u1ea3 ch\u00fang ta, AMEB mong \u0111\u01b0\u1ee3c chia s\u1ebb nh\u1eefng kh\u00f3 kh\u0103n n\u00e0y v\u1edbi c\u00e1c th\u00ed sinh v\u00e0 gia \u0111\u00ecnh c\u1ee7a m\u00ecnh. \u0110\u00e2y l\u00e0 l\u1ea7n \u0111\u1ea7u ti\u00ean AMEB quy\u1ebft \u0111\u1ecbnh h\u1ed7 tr\u1ee3 gi\u1ea3m l\u1ec7 ph\u00ed thi c\u1ee7a c\u00e1c k\u1ef3 thi trong n\u0103m 2020 cho c\u00e1c th\u00ed sinh \u0111\u0103ng k\u00fd d\u1ef1 thi tr\u01b0\u1edbc ng\u00e0y 31 th\u00e1ng 7 n\u0103m 2020. \u01afu \u0111\u00e3i n\u00e0y ch\u1ec9 \u0111\u01b0\u1ee3c \u00e1p d\u1ee5ng cho c\u00e1c th\u00ed sinh v\u00e0 \u0111\u1ed1i t\u00e1c c\u1ee7a AMEB t\u1ea1i Vi\u1ec7t Nam. Th\u00f4ng qua quy\u1ebft \u0111\u1ecbnh n\u00e0y, AMEB mong c\u00f3 th\u1ec3 \u0111\u01b0\u1ee3c chia s\u1ebb v\u00e0 ti\u1ebfp t\u1ee5c \u0111\u1ed3ng h\u00e0nh c\u00f9ng c\u00e1c th\u00ed sinh, ph\u1ee5 huynh h\u1ecdc sinh, c\u00e1c gi\u00e1o vi\u00ean, c\u0169ng nh\u01b0 c\u00e1c \u0111\u1ed1i t\u00e1c v\u01b0\u1ee3t qua \u0111\u01b0\u1ee3c nh\u1eefng th\u00e1ch th\u1ee9c m\u00e0 t\u1ea5t c\u1ea3 ch\u00fang ta ph\u1ea3i \u0111\u1ed1i m\u1eb7t trong n\u0103m 2020. \u00c2m nh\u1ea1c l\u00e0 m\u1ed9t c\u00e1ch gi\u00fap ch\u00fang ta c\u00f9ng n\u00e2ng cao tinh th\u1ea7n c\u1ee7a m\u00ecnh trong th\u1eddi \u0111i\u1ec3m kh\u00f3 kh\u0103n n\u00e0y. Trong n\u0103m t\u1edbi, ch\u00fang ta hy v\u1ecdng cu\u1ed9c s\u1ed1ng tr\u1edf l\u1ea1i nh\u01b0 tr\u01b0\u1edbc. Nh\u1eefng m\u1ee9c l\u1ec7 ph\u00ed thi th\u00f4ng th\u01b0\u1eddng s\u1ebd \u0111\u01b0\u1ee3c \u00e1p d\u1ee5ng tr\u1edf l\u1ea1i trong \u0111i\u1ec1u ki\u1ec7n b\u00ecnh th\u01b0\u1eddng.<\/p>\n<p>\u0110\u1ec3 ti\u1ebfp t\u1ee5c h\u1ed7 tr\u1ee3 gi\u00e1o vi\u00ean v\u00e0 h\u1ecdc sinh h\u1ecdc t\u1eadp t\u1ea1i nh\u00e0, ch\u00fang t\u00f4i \u0111\u00e3 cung c\u1ea5p c\u00e1c kh\u00f3a h\u1ecdc v\u1ec1 L\u00fd thuy\u1ebft v\u1ec1 \u00e2m nh\u1ea1c (g\u1ed3m Grade 1, 2, 3) mi\u1ec5n ph\u00ed. Ch\u00fang t\u00f4i c\u0169ng \u0111\u00e3 gi\u1edbi thi\u1ec7u m\u1ed9t s\u1ed1 h\u01b0\u1edbng d\u1eabn v\u00e0 tr\u1ee3 gi\u00fap \u0111\u1ec3 gi\u00fap b\u1ea1n d\u1ea1y tr\u1ef1c tuy\u1ebfn tr\u00ean trang web c\u1ee7a AMEB.<\/p>\n<p>T\u1ea5t c\u1ea3 th\u00f4ng tin n\u00e0y c\u00f3 s\u1eb5n tr\u00ean trang web c\u1ee7a ch\u00fang t\u00f4i www.ameb.com.vn v\u00e0 trang Facebook ch\u00ednh th\u1ee9c c\u1ee7a AMEB.<\/p>\n<p>H\u00e3y c\u00f9ng c\u1ed1 g\u1eafng v\u00e0 \u0111\u1ed3ng l\u00f2ng \u0111\u1ec3 bi\u1ebfn n\u0103m 2020 th\u00e0nh m\u1ed9t n\u0103m tuy\u1ec7t v\u1eddi cho n\u1ec1n gi\u00e1o d\u1ee5c \u00e2m nh\u1ea1c.<\/p>\n<p>Tr\u00e2n tr\u1ecdng,<br>Bernard Depasquale<\/p>\t\t\t\t\t\t<\/div>\n\t\t\t\t<\/div>\n\t\t\t\t\t<\/div>\n\t\t<\/div>\n\t\t\t\t\t\t\t<\/div>\n\t\t<\/section>\n\t\t\t\t\t\t\t<\/div>","protected":false},"excerpt":{"rendered":"<p>Th\u01b0 ng\u1ecf ch\u00fac m\u1eebng Vi\u1ec7t Nam \u0111\u1ea9y l\u00f9i \u0111\u1ea1i d\u1ecbch Covid 19 v\u00e0 h\u1ecdc sinh \u0111\u01b0\u1ee3c quay l\u1ea1i tr\u01b0\u1eddng h\u1ecdc t\u1eeb \u00f4ng Bernard Depasquale, CEO AMEB \u0110\u1ec3 ch\u00fac m\u1eebng Vi\u1ec7t Nam \u0111\u00e3 v\u01b0\u1ee3t qua COVID 19 v\u00e0 h\u1ecdc sinh b\u1eaft \u0111\u1ea7u \u0111i h\u1ecdc tr\u1edf l\u1ea1i, \u00f4ng Bernard Depasquale, Gi\u00e1m \u0111\u1ed1c \u0111i\u1ec1u h\u00e0nh AMEB Ltd. \u0111\u00e3 &hellip;<\/p>\n<p class=\"read-more\"> <a class=\"\" href=\"https:\/\/ameb.com.vn\/vi\/thu-ngo-chuc-mung-viet-nam-day-lui-dai-dich-covid-19-va-hoc-sinh-duoc-quay-lai-truong-hoc-tu-ong-bernard-depasquale-ceo-ameb\/\"> <span class=\"screen-reader-text\">Th\u01b0 ng\u1ecf ch\u00fac m\u1eebng Vi\u1ec7t Nam \u0111\u1ea9y l\u00f9i \u0111\u1ea1i d\u1ecbch Covid 19 v\u00e0 h\u1ecdc sinh \u0111\u01b0\u1ee3c quay l\u1ea1i tr\u01b0\u1eddng h\u1ecdc t\u1eeb \u00f4ng Bernard Depasquale, CEO AMEB<\/span> Read More &raquo;<\/a><\/p>","protected":false},"author":1,"featured_media":0,"parent":0,"menu_order":0,"comment_status":"closed","ping_status":"closed","template":"elementor_header_footer","meta":{"site-sidebar-layout":"default","site-content-layout":"","ast-site-content-layout":"","site-content-style":"default","site-sidebar-style":"default","ast-global-header-display":"","ast-banner-title-visibility":"","ast-main-header-display":"","ast-hfb-above-header-display":"","ast-hfb-below-header-display":"","ast-hfb-mobile-header-display":"","site-post-title":"","ast-breadcrumbs-content":"","ast-featured-img":"","footer-sml-layout":"","theme-transparent-header-meta":"","adv-header-id-meta":"","stick-header-meta":"","header-above-stick-meta":"","header-main-stick-meta":"","header-below-stick-meta":"","astra-migrate-meta-layouts":"","ast-page-background-enabled":"default","ast-page-background-meta":{"desktop":{"background-color":"var(--ast-global-color-4)","background-image":"","background-repeat":"repeat","background-position":"center center","background-size":"auto","background-attachment":"scroll","background-type":"","background-media":"","overlay-type":"","overlay-color":"","overlay-gradient":""},"tablet":{"background-color":"","background-image":"","background-repeat":"repeat","background-position":"center center","background-size":"auto","background-attachment":"scroll","background-type":"","background-media":"","overlay-type":"","overlay-color":"","overlay-gradient":""},"mobile":{"background-color":"","background-image":"","background-repeat":"repeat","background-position":"center center","background-size":"auto","background-attachment":"scroll","background-type":"","background-media":"","overlay-type":"","overlay-color":"","overlay-gradient":""}},"ast-content-background-meta":{"desktop":{"background-color":"var(--ast-global-color-5)","background-image":"","background-repeat":"repeat","background-position":"center center","background-size":"auto","background-attachment":"scroll","background-type":"","background-media":"","overlay-type":"","overlay-color":"","overlay-gradient":""},"tablet":{"background-color":"var(--ast-global-color-5)","background-image":"","background-repeat":"repeat","background-position":"center center","background-size":"auto","background-attachment":"scroll","background-type":"","background-media":"","overlay-type":"","overlay-color":"","overlay-gradient":""},"mobile":{"background-color":"var(--ast-global-color-5)","background-image":"","background-repeat":"repeat","background-position":"center center","background-size":"auto","background-attachment":"scroll","background-type":"","background-media":"","overlay-type":"","overlay-color":"","overlay-gradient":""}},"footnotes":""},"class_list":["post-4655","page","type-page","status-publish","hentry"],"_links":{"self":[{"href":"https:\/\/ameb.com.vn\/vi\/wp-json\/wp\/v2\/pages\/4655","targetHints":{"allow":["GET"]}}],"collection":[{"href":"https:\/\/ameb.com.vn\/vi\/wp-json\/wp\/v2\/pages"}],"about":[{"href":"https:\/\/ameb.com.vn\/vi\/wp-json\/wp\/v2\/types\/page"}],"author":[{"embeddable":true,"href":"https:\/\/ameb.com.vn\/vi\/wp-json\/wp\/v2\/users\/1"}],"replies":[{"embeddable":true,"href":"https:\/\/ameb.com.vn\/vi\/wp-json\/wp\/v2\/comments?post=4655"}],"version-history":[{"count":0,"href":"https:\/\/ameb.com.vn\/vi\/wp-json\/wp\/v2\/pages\/4655\/revisions"}],"wp:attachment":[{"href":"https:\/\/ameb.com.vn\/vi\/wp-json\/wp\/v2\/media?parent=4655"}],"curies":[{"name":"wp","href":"https:\/\/api.w.org\/{rel}","templated":true}]}}