{"id":3122,"date":"2021-07-02T07:46:47","date_gmt":"2021-07-02T07:46:47","guid":{"rendered":"https:\/\/ameb.com.vn\/?page_id=3122"},"modified":"2025-01-14T04:26:31","modified_gmt":"2025-01-14T04:26:31","slug":"online-theory-courses","status":"publish","type":"page","link":"https:\/\/ameb.com.vn\/vi\/online-theory-courses\/","title":{"rendered":"C\u00e1c kh\u00f3a h\u1ecdc l\u00fd thuy\u1ebft tr\u1ef1c tuy\u1ebfn"},"content":{"rendered":"<div data-elementor-type=\"wp-page\" data-elementor-id=\"3122\" class=\"elementor elementor-3122\">\n\t\t\t\t\t\t\t\t\t<section class=\"elementor-section elementor-top-section elementor-element elementor-element-1750ac3 elementor-section-full_width elementor-section-stretched elementor-section-height-default elementor-section-height-default\" data-id=\"1750ac3\" data-element_type=\"section\" data-settings=\"{&quot;stretch_section&quot;:&quot;section-stretched&quot;}\" data-e-bg-lazyload=\".elementor-background-overlay\">\n\t\t\t\t\t\t\t<div class=\"elementor-background-overlay\"><\/div>\n\t\t\t\t\t\t\t<div class=\"elementor-container elementor-column-gap-no\">\n\t\t\t\t\t<div class=\"elementor-column elementor-col-100 elementor-top-column elementor-element elementor-element-6148d320\" data-id=\"6148d320\" data-element_type=\"column\">\n\t\t\t<div class=\"elementor-widget-wrap elementor-element-populated\">\n\t\t\t\t\t\t\t\t<div class=\"elementor-element elementor-element-41348fa1 elementor-widget elementor-widget-text-editor\" data-id=\"41348fa1\" data-element_type=\"widget\" data-widget_type=\"text-editor.default\">\n\t\t\t\t<div class=\"elementor-widget-container\">\n\t\t\t<style>\/*! elementor - v3.17.0 - 08-11-2023 *\/\n.elementor-widget-text-editor.elementor-drop-cap-view-stacked .elementor-drop-cap{background-color:#69727d;color:#fff}.elementor-widget-text-editor.elementor-drop-cap-view-framed .elementor-drop-cap{color:#69727d;border:3px solid;background-color:transparent}.elementor-widget-text-editor:not(.elementor-drop-cap-view-default) .elementor-drop-cap{margin-top:8px}.elementor-widget-text-editor:not(.elementor-drop-cap-view-default) .elementor-drop-cap-letter{width:1em;height:1em}.elementor-widget-text-editor .elementor-drop-cap{float:left;text-align:center;line-height:1;font-size:50px}.elementor-widget-text-editor .elementor-drop-cap-letter{display:inline-block}<\/style>\t\t\t\t<h1><span style=\"color: #ffffff;\">C\u00e1c kh\u00f3a h\u1ecdc l\u00fd thuy\u1ebft tr\u1ef1c tuy\u1ebfn<\/span><\/h1>\t\t\t\t\t\t<\/div>\n\t\t\t\t<\/div>\n\t\t\t\t\t<\/div>\n\t\t<\/div>\n\t\t\t\t\t\t\t<\/div>\n\t\t<\/section>\n\t\t\t\t<section class=\"elementor-section elementor-top-section elementor-element elementor-element-634dc151 elementor-section-boxed elementor-section-height-default elementor-section-height-default\" data-id=\"634dc151\" data-element_type=\"section\">\n\t\t\t\t\t\t<div class=\"elementor-container elementor-column-gap-default\">\n\t\t\t\t\t<div class=\"elementor-column elementor-col-100 elementor-top-column elementor-element elementor-element-6e2bff07\" data-id=\"6e2bff07\" data-element_type=\"column\">\n\t\t\t<div class=\"elementor-widget-wrap elementor-element-populated\">\n\t\t\t\t\t\t\t\t<div class=\"elementor-element elementor-element-5f3b521 elementor-widget elementor-widget-text-editor\" data-id=\"5f3b521\" data-element_type=\"widget\" data-widget_type=\"text-editor.default\">\n\t\t\t\t<div class=\"elementor-widget-container\">\n\t\t\t\t\t\t\t<p>C\u00e1c kh\u00f3a h\u1ecdc L\u00fd thuy\u1ebft Tr\u1ef1c tuy\u1ebfn hi\u1ec7n \u0111\u00e3 c\u00f3 tr\u00ean SCORE Vi\u1ec7t Nam. N\u1ebfu b\u1ea1n c\u00f3 b\u1ea5t k\u1ef3 th\u1eafc m\u1eafc n\u00e0o, vui l\u00f2ng li\u00ean h\u1ec7 v\u1edbi v\u0103n ph\u00f2ng AMEB Vi\u1ec7t Nam qua s\u1ed1 \u0111i\u1ec7n tho\u1ea1i 038 9669 757 ho\u1eb7c g\u1eedi email \u0111\u1ebfn&nbsp;<a href=\"mailto:online@ameb.edu.au\">vietnam@ameb.edu.au<\/a>.<\/p>\n<h3>H\u01b0\u1edbng d\u1eabn chi ti\u1ebft t\u1eebng b\u01b0\u1edbc - c\u00e1ch \u0111\u1ec3 b\u1eaft \u0111\u1ea7u<\/h3>\n<ul>\n<li>Truy c\u1eadp v\u00e0o \u0111\u01b0\u1eddng link: <a href=\"https:\/\/vietnam.ameb.edu.au\/\">https:\/\/vietnam.ameb.edu.au\/<\/a><\/li>\n<li>Ch\u1ecdn \u2018Register and buy exams or courses'.<\/li>\n<li>\u1ea4n ch\u1ecdn \u2018New to AMEB? Register Now\u2019 n\u1ebfu b\u1ea1n ch\u01b0a c\u00f3 t\u00e0i kho\u1ea3n SCORE<\/li>\n<li>Ho\u00e0n th\u00e0nh phi\u1ebfu b\u1eb1ng c\u00e1c th\u00f4ng tin c\u00e1 nh\u00e2n. H\u1ec7 th\u1ed1ng s\u1ebd g\u1eedi email c\u00f9ng v\u1edbi \u0111\u01b0\u1eddng d\u1eabn \u0111\u1ec3 k\u00edch ho\u1ea1t t\u00e0i kho\u1ea3n c\u1ee7a b\u1ea1n.<\/li>\n<li>\u0110\u0103ng nh\u1eadp v\u00e0o <a href=\"https:\/\/vietnam.ameb.edu.au\/\">https:\/\/vietnam.ameb.edu.au\/ <\/a>b\u1eb1ng c\u00e1ch nh\u1eadp email v\u00e0 m\u1eadt kh\u1ea9u c\u1ee7a t\u00e0i kho\u1ea3n.<\/li>\n<li>Ch\u1ecdn \u2018Buy exams or courses\u2019 ho\u1eb7c \u2018Buy Courses t\u1eeb c\u1ed9t b\u00ean tr\u00e1i.<\/li>\n<li>Ch\u1ecdn h\u1ecdc ph\u1ea7n m\u00e0 b\u1ea1n mu\u1ed1n \u0111\u0103ng k\u00fd, sau \u0111\u00f3 \u0111i\u1ec1n th\u00f4ng tin th\u00ed sinh v\u00e0o phi\u1ebfu. \u1ea4n \u2018Checkout\u2019<\/li>\n<li>B\u1ea1n s\u1ebd nh\u1eadn \u0111\u01b0\u1ee3c m\u1ed9t email h\u00f3a \u0111\u01a1n c\u00f9ng v\u1edbi M\u00e3 kh\u00f3a h\u1ecdc v\u00e0 M\u00e3 pin kh\u00f3a h\u1ecdc. Nh\u1eefng th\u00f4ng tin n\u00e0y c\u0169ng s\u1ebd hi\u1ec3n th\u1ecb trong h\u1ed3 s\u01a1 T\u00e0i kho\u1ea3n.<\/li>\n<li>\u0110\u1ec3 truy c\u1eadp v\u00e0o h\u1ecdc ph\u1ea7n tr\u1ef1c tuy\u1ebfn, \u0111i t\u1edbi <a href=\"https:\/\/vietnam.ameb.edu.au\/\">https:\/\/vietnam.ameb.edu.au\/<\/a> v\u00e0 ch\u1ecdn login. (N\u1ebfu b\u1ea1n v\u1eabn \u0111\u0103ng nh\u1eadp nh\u01b0 ch\u1ee7 t\u00e0i kho\u1ea3n t\u1eeb vi\u1ec7c tham gia kh\u00f3a h\u1ecdc, h\u00e3y \u0111\u0103ng xu\u1ea5t).<\/li>\n<li>Khi b\u1ea1n \u0111\u0103ng nh\u1eadp, ch\u1ecdn \u2018Course Candidate\u2019 t\u1eeb danh m\u1ee5c hi\u1ec7n xu\u1ed1ng v\u00e0 \u0111i\u1ec1n M\u00e3 kh\u00f3a h\u1ecdc c\u00f9ng v\u1edbi M\u00e3 pin kh\u00f3a h\u1ecdc nh\u01b0 \u1edf tr\u00ean.<\/li>\n<li>B\u1ea1n \u0111\u00e3 \u0111\u0103ng nh\u1eadp th\u00e0nh c\u00f4ng v\u00e0o kh\u00f3a h\u1ecdc v\u00e0 c\u00f3 th\u1ec3 nh\u00ecn th\u1ea5y c\u00e1c b\u00e0i h\u1ecdc \u1edf b\u00ean tr\u00e1i m\u00e0n h\u00ecnh.<\/li>\n<\/ul>\n<p><em>L\u01b0u \u00fd: Th\u00f4ng tin \u0111\u0103ng nh\u1eadp c\u1ee7a kh\u00f3a h\u1ecdc tr\u1ef1c tuy\u1ebfn s\u1ebd ch\u1ec9 ho\u1ea1t \u0111\u1ed9ng t\u1ea1i&nbsp;<a href=\"https:\/\/exams.ameb.edu.au\/\" target=\"_blank\" rel=\"noopener noreferrer\">www.exams.ameb.edu.au<\/a>N\u1ebfu b\u1ea1n c\u00f3 t\u00e0i kho\u1ea3n v\u1edbi c\u00e1c trang kh\u00e1c nh\u01b0 AMEB Conect hay ameb.edu.au, ch\u00fang s\u1ebd kh\u00f4ng ho\u1ea1t \u0111\u1ed9ng \u0111\u01b0\u1ee3c v\u1edbi AMEB Online.<\/em><\/p>\n<p><\/p>\n<h3>&nbsp;<\/h3>\n<h3>Kho\u00e1 H\u1ecdc L\u00fd Thuy\u1ebft \u00c2m Nh\u1ea1c Tr\u1ef1c Tuy\u1ebfn<\/h3>\n<p>Kh\u00f3a h\u1ecdc tr\u1ef1c tuy\u1ebfn cho ph\u00e9p th\u00ed sinh chu\u1ea9n b\u1ecb cho k\u00ec thi L\u00fd thuy\u1ebft \u00c2m nh\u1ea1c c\u1ee7a AMEB tr\u00ean n\u1ec1n t\u1ea3ng tr\u1ef1c tuy\u1ebfn. Khi ho\u00e0n th\u00e0nh kh\u00f3a h\u1ecdc n\u00e0y, th\u00ed sinh s\u1ebd s\u1eb5n s\u00e0ng cho k\u00ec thi L\u00fd thuy\u1ebft \u00c2m nh\u1ea1c c\u1ee7a AMEB. V\u1edbi m\u1ed7i kh\u00f3a h\u1ecdc, AMEB mang \u0111\u1ebfn cho ng\u01b0\u1eddi h\u1ecdc c\u00e1c b\u00e0i h\u1ecdc k\u00e8m theo video h\u01b0\u1edbng d\u1eabn chi ti\u1ebft v\u00e0 d\u1ec5 hi\u1ec3u. \u0110\u1ec3 t\u1ed1i \u01b0u h\u00f3a vi\u1ec7c t\u1ef1 h\u1ecdc, AMEB \u0111\u00e3 thi\u1ebft k\u1ebf nh\u1eefng b\u00e0i gi\u1ea3ng d\u01b0\u1edbi h\u00ecnh th\u1ee9c c\u00e1c video ng\u1eafn v\u1edbi nh\u1eefng h\u00ecnh \u1ea3nh minh h\u1ecda c\u1ee5 th\u1ec3 \u0111\u1ec3 gi\u00fap ng\u01b0\u1eddi h\u1ecdc c\u00f3 th\u1ec3 ti\u1ebfp c\u1eadn v\u00e0 hi\u1ec3u r\u00f5 c\u00e1c ki\u1ebfn th\u1ee9c m\u1ed9t c\u00e1ch d\u1ec5 d\u00e0ng. B\u00ean c\u1ea1nh \u0111\u00f3, ph\u00eda d\u01b0\u1edbi m\u1ed7i b\u00e0i gi\u1ea3ng, AMEB lu\u00f4n cung c\u1ea5p file PDF ghi l\u1ea1i n\u1ed9i dung b\u00e0i h\u1ecdc \u0111\u1ec3 h\u1ed7 tr\u1ee3 ng\u01b0\u1eddi h\u1ecdc n\u1eafm ch\u1eafc c\u00e1c ki\u1ebfn th\u1ee9c \u0111\u00e3 n\u00eau trong video. C\u00e1c b\u00e0i h\u1ecdc v\u00e0 b\u00e0i ki\u1ec3m tra c\u00f3 th\u1ec3 \u0111\u01b0\u1ee3c xem l\u1ea1i nhi\u1ec1u l\u1ea7n n\u1ebfu c\u1ea7n. C\u00e1c kh\u00f3a h\u1ecdc cho ph\u00e9p h\u1ecdc sinh h\u1ecdc \u0111\u1ed9c l\u1eadp v\u00e0 theo t\u1ed1c \u0111\u1ed9 c\u1ee7a ri\u00eang m\u00ecnh. Kh\u00f3a h\u1ecdc ph\u00f9 h\u1ee3p cho c\u1ea3 ng\u01b0\u1eddi l\u1edbn v\u00e0 tr\u1ebb em.<\/p>\n<p>Kh\u00f3a h\u1ecdc \u0111\u01b0\u1ee3c x\u00e2y d\u1ef1ng t\u1eeb 12 \u0111\u1ebfn 15 \u0111o\u1ea1n video b\u00e0i gi\u1ea3ng c\u00f9ng v\u1edbi c\u00e1c b\u00e0i luy\u1ec7n t\u1eadp. C\u00e1c b\u00e0i thi luy\u1ec7n t\u1eadp n\u00e0y s\u1ebd \u0111\u01b0\u1ee3c ch\u1ea5m \u0111i\u1ec3m, c\u00f3 th\u1eddi gian v\u00e0 c\u00f3 th\u1ec3 \u0111\u01b0\u1ee3c d\u00f9ng nh\u01b0 th\u01b0\u1edbc \u0111o c\u0169ng nh\u01b0 h\u1ed7 tr\u1ee3 th\u00ed sinh tr\u01b0\u1edbc khi \u0111\u1ebfn v\u1edbi b\u00e0i thi L\u00fd thuy\u1ebft c\u1ee7a AMEB. Th\u00ed sinh c\u00f3 th\u1ec3 truy c\u1eadp c\u00e1c t\u00e0i li\u1ec7u d\u1ec5 d\u00e0ng v\u00e0 c\u00f3 th\u1ec3 quay l\u1ea1i v\u1edbi c\u00e1c b\u00e0i \u0111\u00e3 l\u00e0m tr\u01b0\u1edbc \u0111\u00f3.<\/p>\n<h3>S\u1ef1 h\u1ed7 tr\u1ee3 c\u1ee7a gi\u00e1o vi\u00ean<\/h3>\n<p>C\u00e1c kh\u00f3a h\u1ecdc g\u1ed3m c\u00f3 c\u00e1c video b\u00e0i gi\u1ea3ng v\u00e0 c\u00e1c b\u00e0i thi luy\u1ec7n t\u1eadp c\u00f3 ch\u1ea5m \u0111i\u1ec3m. K\u1ebft qu\u1ea3 c\u00f3 th\u1ec3 \u0111\u01b0\u1ee3c gi\u00e1o vi\u00ean s\u1eed d\u1ee5ng \u0111\u1ec3 \u0111\u00e1nh gi\u00e1 s\u1ef1 ti\u1ebfn b\u1ed9 c\u1ee7a h\u1ecdc sinh c\u0169ng nh\u01b0 gi\u00fap \u0111\u1ee1 th\u00ed sinh c\u1ea3i thi\u1ec7n nh\u1eefng thi\u1ebfu s\u00f3t.<\/p>\n<h3>&nbsp;<\/h3>\n<h3>L\u1edaP 1 (GRADE 1)<\/h3>\n<h4><a href=\"https:\/\/exams.ameb.edu.au\/\" target=\"_blank\" rel=\"noopener noreferrer\">VND&nbsp;<\/a>592.800<\/h4>\n<p>\u0110\u1ebfn cu\u1ed1i kh\u00f3a h\u1ecdc, th\u00ed sinh s\u1ebd c\u00f3 th\u1ec3:<\/p>\n<ul>\n<li>\u0110\u1ecdc v\u00e0 vi\u1ebft c\u00e1c n\u1ed1t nh\u1ea1c<\/li>\n<li>X\u00e2y d\u1ef1ng h\u1ee3p \u00e2m v\u00e0 qu\u00e3ng<\/li>\n<li>Chuy\u1ec3n nh\u1ecbp \u0111i\u1ec7u<\/li>\n<li>Nh\u1eadn bi\u1ebft v\u00e0 vi\u1ebft m\u1ed9t s\u1ed1 thanh tr\u01b0\u1edfng<\/li>\n<\/ul>\n<p>Kh\u00f4ng c\u00f3 \u0111i\u1ec1u ki\u1ec7n ti\u00ean quy\u1ebft cho L\u1edbp 1 c\u1ee7a Kh\u00f3a h\u1ecdc \u00c2m nh\u1ea1c Tr\u1ef1c tuy\u1ebfn<\/p>\n<h3>L\u1edaP 2 (GRADE 2)<\/h3>\n<h4><a href=\"https:\/\/exams.ameb.edu.au\/\" target=\"_blank\" rel=\"noopener noreferrer\">VND&nbsp;<\/a>613.600<\/h4>\n<p>\u0110\u1ebfn cu\u1ed1i kh\u00f3a h\u1ecdc, th\u00ed sinh s\u1ebd c\u00f3 th\u1ec3:<\/p>\n<ul>\n<li>S\u1eed d\u1ee5ng nh\u1ecbp ba v\u00e0 nh\u1ecbp k\u00e9p<\/li>\n<li>X\u00e2y d\u1ef1ng qu\u00e3ng tr\u01b0\u1edfng v\u00e0 qu\u00e3ng th\u1ee9 ho\u00e0n h\u1ea3o<\/li>\n<li>X\u00e1c \u0111\u1ecbnh c\u00e1c d\u1ea1ng \u00e2m nh\u1ea1c<\/li>\n<li>Vi\u1ebft thanh th\u1ee9 v\u00e0 c\u00e1c h\u00f3a bi\u1ec3u<\/li>\n<li>D\u1ecbch c\u00e1c c\u1ee5m t\u1eeb ti\u1ebfng \u00dd cho c\u00e1c k\u00ed hi\u1ec7u \u00e2m nh\u1ea1c<\/li>\n<\/ul>\n<p>Kh\u00f4ng c\u00f3 \u0111i\u1ec1u ki\u1ec7n ti\u00ean quy\u1ebft cho L\u1edbp 2 c\u1ee7a Kh\u00f3a h\u1ecdc \u00c2m nh\u1ea1c Tr\u1ef1c tuy\u1ebfn<\/p>\n<h3>L\u1edaP 3 (GRADE 3)<\/h3>\n<h3><a style=\"font-size: 1.5rem; font-style: inherit;\" href=\"https:\/\/exams.ameb.edu.au\/\" target=\"_blank\" rel=\"noopener noreferrer\">VND&nbsp;<\/a><span style=\"font-size: 24px;\">665.600<\/span><\/h3>\n<p>\u0110\u1ebfn cu\u1ed1i kh\u00f3a h\u1ecdc, th\u00ed sinh s\u1ebd c\u00f3 th\u1ec3:<\/p>\n<ul>\n<li>Vi\u1ebft c\u00e1c thanh tr\u01b0\u1edfng l\u00ean \u0111\u1ebfn b\u1ed1n d\u1ea5u th\u0103ng v\u00e0 gi\u00e1ng, thanh th\u1ee9 t\u1eeb ba gi\u00e1ng<\/li>\n<li>H\u1ecdc v\u1ec1 h\u1ee3p \u00e2m b\u1ed9 ba c\u01a1 b\u1ea3n v\u00e0 c\u00e1ch vi\u1ebft trong \u0111\u1ea3o \u00e2m<\/li>\n<li>H\u1ecdc v\u1ec1 To\u00e0n k\u1ebft v\u00e0 B\u00ecnh k\u1ebft<\/li>\n<li>H\u1ecdc c\u00e1c d\u1ea1ng c\u1ee7a ngh\u1ec7 thu\u1eadt th\u01a1<\/li>\n<li>Vi\u1ebft m\u1ed9t giai \u0111i\u1ec7u b\u1ed1n nh\u1ecbp<\/li>\n<li>H\u1ecdc v\u1ec1 nh\u1ecbp ba k\u00e9p<\/li>\n<\/ul>\n<p>Kh\u00f4ng c\u00f3 \u0111i\u1ec1u ki\u1ec7n ti\u00ean quy\u1ebft cho L\u1edbp 3 c\u1ee7a Kh\u00f3a h\u1ecdc \u00c2m nh\u1ea1c Tr\u1ef1c tuy\u1ebfn<\/p>\n<h3>L\u1edaP 4 (GRADE 4)&nbsp;<\/h3>\n<h4><a href=\"https:\/\/exams.ameb.edu.au\/\" target=\"_blank\" rel=\"noopener noreferrer\">VND&nbsp;<\/a>738.400<\/h4>\n<p>\u0110\u1ebfn cu\u1ed1i kh\u00f3a h\u1ecdc, th\u00ed sinh s\u1ebd c\u00f3 th\u1ec3:<\/p>\n<ul>\n<li>Hi\u1ec3u \u0111\u01b0\u1ee3c d\u1ea5u gi\u00e1ng k\u00e9p v\u00e0 th\u0103ng k\u00e9p, c\u00f4ng n\u0103ng v\u00e0 gam n\u1eeda t\u00f4ng<\/li>\n<li>Vi\u1ebft \u0111\u01b0\u1ee3c qu\u00e3ng d\u01b0\u1edbi n\u1ed1t v\u00e0 qu\u00e3ng \u0111\u1ea3o<\/li>\n<li>Nh\u1eadn bi\u1ebft m\u00f4 h\u00ecnh gi\u1ecdng ch\u00ednh v\u00e0 gi\u1ecdng ph\u1ee5<\/li>\n<li>Hi\u1ec3u ph\u00e1ch 6\/4 v\u00e0 12\/8<\/li>\n<li>Nh\u1eadn bi\u1ebft \u0111\u1ea3o ph\u00e1ch<\/li>\n<li>Nh\u1eadn bi\u1ebft v\u00e0 vi\u1ebft b\u1ed1n nguy\u00ean l\u00fd c\u1ee7a gi\u1ea3i k\u1ebft<\/li>\n<li>S\u1eed d\u1ee5ng h\u00e0i h\u00f2a m\u1ed9t giai \u0111i\u1ec7u s\u00e1u nh\u1ecbp v\u1edbi c\u00e1c t\u1ea7n s\u1ed1 h\u00e0i h\u00f2a<\/li>\n<li>Vi\u1ebft m\u1ed9t giai \u0111i\u1ec7u cho c\u1ea5u tr\u00fac m\u1ed9t b\u00e0i h\u00e1t<\/li>\n<li>D\u1ecbch c\u00e1c giai \u0111i\u1ec7u ch\u1ee9a d\u1ea5u h\u00f3a<\/li>\n<li>Hi\u1ec3u bi\u1ebft chung v\u1ec1 \u0111i\u1ec7u nh\u1ea1c th\u1eddi Baroque Suite<\/li>\n<li>Hi\u1ec3u bi\u1ebft chung v\u1ec1 nh\u1ea1c c\u1ee5 c\u00f3 d\u00e2y c\u1ee7a d\u00e0n nh\u1ea1c giao h\u01b0\u1edfng<\/li>\n<\/ul>\n<p>Kh\u00f4ng c\u00f3 \u0111i\u1ec1u ki\u1ec7n ti\u00ean quy\u1ebft cho L\u1edbp 4 c\u1ee7a Kh\u00f3a h\u1ecdc \u00c2m nh\u1ea1c tr\u1ef1c tuy\u1ebfn<\/p><h3 style=\"font-style: normal;\">L\u1edaP 5 (GRADE 5)<\/h3><h4 style=\"font-style: normal;\"><a href=\"https:\/\/exams.ameb.edu.au\/\" target=\"_blank\" rel=\"noopener noreferrer\" style=\"transition-property: all;\">VND&nbsp;<\/a>832.000<\/h4><p style=\"font-size: 18px; font-style: normal; font-weight: 500;\">\u0110\u1ebfn cu\u1ed1i kh\u00f3a h\u1ecdc, th\u00ed sinh s\u1ebd c\u00f3 th\u1ec3:<\/p><ul style=\"font-size: 18px; font-style: normal; font-weight: 500;\"><li style=\"font-size: 18px;\">Hi\u1ec3u \u0111\u01b0\u1ee3c d\u1ea5u gi\u00e1ng k\u00e9p v\u00e0 th\u0103ng k\u00e9p, c\u00f4ng n\u0103ng v\u00e0 gam n\u1eeda t\u00f4ng<\/li><li style=\"font-size: 18px;\">Vi\u1ebft \u0111\u01b0\u1ee3c qu\u00e3ng d\u01b0\u1edbi n\u1ed1t v\u00e0 qu\u00e3ng \u0111\u1ea3o<\/li><li style=\"font-size: 18px;\">Nh\u1eadn bi\u1ebft m\u00f4 h\u00ecnh gi\u1ecdng ch\u00ednh v\u00e0 gi\u1ecdng ph\u1ee5<\/li><li style=\"font-size: 18px;\">Hi\u1ec3u ph\u00e1ch 6\/4 v\u00e0 12\/8<\/li><li style=\"font-size: 18px;\">Nh\u1eadn bi\u1ebft \u0111\u1ea3o ph\u00e1ch<\/li><li style=\"font-size: 18px;\">Nh\u1eadn bi\u1ebft v\u00e0 vi\u1ebft b\u1ed1n nguy\u00ean l\u00fd c\u1ee7a gi\u1ea3i k\u1ebft<\/li><li style=\"font-size: 18px;\">S\u1eed d\u1ee5ng h\u00e0i h\u00f2a m\u1ed9t giai \u0111i\u1ec7u s\u00e1u nh\u1ecbp v\u1edbi c\u00e1c t\u1ea7n s\u1ed1 h\u00e0i h\u00f2a<\/li><li style=\"font-size: 18px;\">Vi\u1ebft m\u1ed9t giai \u0111i\u1ec7u cho c\u1ea5u tr\u00fac m\u1ed9t b\u00e0i h\u00e1t<\/li><li style=\"font-size: 18px;\">D\u1ecbch c\u00e1c giai \u0111i\u1ec7u ch\u1ee9a d\u1ea5u h\u00f3a<\/li><li style=\"font-size: 18px;\">Hi\u1ec3u bi\u1ebft chung v\u1ec1 \u0111i\u1ec7u nh\u1ea1c th\u1eddi Baroque Suite<\/li><li style=\"font-size: 18px;\">Hi\u1ec3u bi\u1ebft chung v\u1ec1 nh\u1ea1c c\u1ee5 c\u00f3 d\u00e2y c\u1ee7a d\u00e0n nh\u1ea1c giao h\u01b0\u1edfng<\/li><\/ul><p style=\"font-size: 18px; font-style: normal; font-weight: 500;\">Kh\u00f4ng c\u00f3 \u0111i\u1ec1u ki\u1ec7n ti\u00ean quy\u1ebft cho L\u1edbp 4 c\u1ee7a Kh\u00f3a h\u1ecdc \u00c2m nh\u1ea1c tr\u1ef1c tuy\u1ebfn<\/p>\n<h3 style=\"font-style: normal;\">&nbsp;<\/h3>\t\t\t\t\t\t<\/div>\n\t\t\t\t<\/div>\n\t\t\t\t\t<\/div>\n\t\t<\/div>\n\t\t\t\t\t\t\t<\/div>\n\t\t<\/section>\n\t\t<div class=\"elementor-element elementor-element-1fa7c64 e-flex e-con-boxed e-con e-parent\" data-id=\"1fa7c64\" data-element_type=\"container\" data-settings=\"{&quot;container_type&quot;:&quot;flex&quot;,&quot;content_width&quot;:&quot;boxed&quot;}\" data-core-v316-plus=\"true\">\n\t\t\t\t\t<div class=\"e-con-inner\">\n\t\t\t\t<div class=\"elementor-element elementor-element-2d4c060 elementor-widget elementor-widget-video\" data-id=\"2d4c060\" data-element_type=\"widget\" data-settings=\"{&quot;youtube_url&quot;:&quot;https:\\\/\\\/www.youtube.com\\\/watch?v=YC6PnmAIBsM&amp;list=PLWNET4SbRQp6r8sZ_HG6NFLnSPz8ep__Q&amp;index=5&quot;,&quot;video_type&quot;:&quot;youtube&quot;,&quot;controls&quot;:&quot;yes&quot;}\" data-widget_type=\"video.default\">\n\t\t\t\t<div class=\"elementor-widget-container\">\n\t\t\t<style>\/*! elementor - v3.17.0 - 08-11-2023 *\/\n.elementor-widget-video .elementor-widget-container{overflow:hidden;transform:translateZ(0)}.elementor-widget-video .elementor-wrapper{aspect-ratio:var(--video-aspect-ratio)}.elementor-widget-video .elementor-wrapper iframe,.elementor-widget-video .elementor-wrapper video{height:100%;width:100%;display:flex;border:none;background-color:#000}@supports not (aspect-ratio:1\/1){.elementor-widget-video .elementor-wrapper{position:relative;overflow:hidden;height:0;padding-bottom:calc(100% \/ var(--video-aspect-ratio))}.elementor-widget-video .elementor-wrapper iframe,.elementor-widget-video .elementor-wrapper video{position:absolute;top:0;right:0;bottom:0;left:0}}.elementor-widget-video .elementor-open-inline .elementor-custom-embed-image-overlay{position:absolute;top:0;right:0;bottom:0;left:0;background-size:cover;background-position:50%}.elementor-widget-video .elementor-custom-embed-image-overlay{cursor:pointer;text-align:center}.elementor-widget-video .elementor-custom-embed-image-overlay:hover .elementor-custom-embed-play i{opacity:1}.elementor-widget-video .elementor-custom-embed-image-overlay img{display:block;width:100%;aspect-ratio:var(--video-aspect-ratio);-o-object-fit:cover;object-fit:cover;-o-object-position:center center;object-position:center center}@supports not (aspect-ratio:1\/1){.elementor-widget-video .elementor-custom-embed-image-overlay{position:relative;overflow:hidden;height:0;padding-bottom:calc(100% \/ var(--video-aspect-ratio))}.elementor-widget-video .elementor-custom-embed-image-overlay img{position:absolute;top:0;right:0;bottom:0;left:0}}.elementor-widget-video .e-hosted-video .elementor-video{-o-object-fit:cover;object-fit:cover}.e-con-inner>.elementor-widget-video,.e-con>.elementor-widget-video{width:var(--container-widget-width);--flex-grow:var(--container-widget-flex-grow)}<\/style>\t\t<div class=\"elementor-wrapper elementor-open-inline\">\n\t\t\t<div class=\"elementor-video\"><\/div>\t\t<\/div>\n\t\t\t\t<\/div>\n\t\t\t\t<\/div>\n\t\t\t\t\t<\/div>\n\t\t\t\t<\/div>\n\t\t\t\t\t\t\t<\/div>","protected":false},"excerpt":{"rendered":"<p>Online Theory Courses The Online Theory courses are now available on SCORE Vietnam . If you have any queries please contact AMEB Vietnam office via phone on 038 9669 757 or email at&nbsp;vietnam@ameb.edu.au. Step-by-step guide &#8211; how to get started Go to https:\/\/vietnam.ameb.edu.au\/ Click &#8216;Register and buy exams or courses&#8217;. Select &#8216;New to AMEB? Register &hellip;<\/p>\n<p class=\"read-more\"> <a class=\"\" href=\"https:\/\/ameb.com.vn\/vi\/online-theory-courses\/\"> <span class=\"screen-reader-text\">C\u00e1c kh\u00f3a h\u1ecdc l\u00fd thuy\u1ebft tr\u1ef1c tuy\u1ebfn<\/span> Read More &raquo;<\/a><\/p>","protected":false},"author":3,"featured_media":69,"parent":0,"menu_order":0,"comment_status":"closed","ping_status":"closed","template":"elementor_header_footer","meta":{"site-sidebar-layout":"default","site-content-layout":"","ast-site-content-layout":"","site-content-style":"default","site-sidebar-style":"default","ast-global-header-display":"","ast-banner-title-visibility":"","ast-main-header-display":"","ast-hfb-above-header-display":"","ast-hfb-below-header-display":"","ast-hfb-mobile-header-display":"","site-post-title":"","ast-breadcrumbs-content":"","ast-featured-img":"","footer-sml-layout":"","theme-transparent-header-meta":"","adv-header-id-meta":"","stick-header-meta":"","header-above-stick-meta":"","header-main-stick-meta":"","header-below-stick-meta":"","astra-migrate-meta-layouts":"","ast-page-background-enabled":"default","ast-page-background-meta":{"desktop":{"background-color":"var(--ast-global-color-4)","background-image":"","background-repeat":"repeat","background-position":"center center","background-size":"auto","background-attachment":"scroll","background-type":"","background-media":"","overlay-type":"","overlay-color":"","overlay-gradient":""},"tablet":{"background-color":"","background-image":"","background-repeat":"repeat","background-position":"center center","background-size":"auto","background-attachment":"scroll","background-type":"","background-media":"","overlay-type":"","overlay-color":"","overlay-gradient":""},"mobile":{"background-color":"","background-image":"","background-repeat":"repeat","background-position":"center center","background-size":"auto","background-attachment":"scroll","background-type":"","background-media":"","overlay-type":"","overlay-color":"","overlay-gradient":""}},"ast-content-background-meta":{"desktop":{"background-color":"var(--ast-global-color-5)","background-image":"","background-repeat":"repeat","background-position":"center center","background-size":"auto","background-attachment":"scroll","background-type":"","background-media":"","overlay-type":"","overlay-color":"","overlay-gradient":""},"tablet":{"background-color":"var(--ast-global-color-5)","background-image":"","background-repeat":"repeat","background-position":"center center","background-size":"auto","background-attachment":"scroll","background-type":"","background-media":"","overlay-type":"","overlay-color":"","overlay-gradient":""},"mobile":{"background-color":"var(--ast-global-color-5)","background-image":"","background-repeat":"repeat","background-position":"center center","background-size":"auto","background-attachment":"scroll","background-type":"","background-media":"","overlay-type":"","overlay-color":"","overlay-gradient":""}},"footnotes":""},"class_list":["post-3122","page","type-page","status-publish","has-post-thumbnail","hentry"],"_links":{"self":[{"href":"https:\/\/ameb.com.vn\/vi\/wp-json\/wp\/v2\/pages\/3122","targetHints":{"allow":["GET"]}}],"collection":[{"href":"https:\/\/ameb.com.vn\/vi\/wp-json\/wp\/v2\/pages"}],"about":[{"href":"https:\/\/ameb.com.vn\/vi\/wp-json\/wp\/v2\/types\/page"}],"author":[{"embeddable":true,"href":"https:\/\/ameb.com.vn\/vi\/wp-json\/wp\/v2\/users\/3"}],"replies":[{"embeddable":true,"href":"https:\/\/ameb.com.vn\/vi\/wp-json\/wp\/v2\/comments?post=3122"}],"version-history":[{"count":0,"href":"https:\/\/ameb.com.vn\/vi\/wp-json\/wp\/v2\/pages\/3122\/revisions"}],"wp:featuredmedia":[{"embeddable":true,"href":"https:\/\/ameb.com.vn\/vi\/wp-json\/wp\/v2\/media\/69"}],"wp:attachment":[{"href":"https:\/\/ameb.com.vn\/vi\/wp-json\/wp\/v2\/media?parent=3122"}],"curies":[{"name":"wp","href":"https:\/\/api.w.org\/{rel}","templated":true}]}}