{"id":2433,"date":"2021-02-04T03:00:25","date_gmt":"2021-02-04T03:00:25","guid":{"rendered":"https:\/\/ameb.com.vn\/?page_id=2433"},"modified":"2024-10-28T03:46:05","modified_gmt":"2024-10-28T03:46:05","slug":"vip-endorsements","status":"publish","type":"page","link":"https:\/\/ameb.com.vn\/vi\/vip-endorsements\/","title":{"rendered":"\u0110\u00e1nh gi\u00e1 v\u1ec1 AMEB"},"content":{"rendered":"<div data-elementor-type=\"wp-page\" data-elementor-id=\"2433\" class=\"elementor elementor-2433\">\n\t\t\t\t\t\t\t\t\t<section class=\"elementor-section elementor-top-section elementor-element elementor-element-d179000 elementor-section-full_width elementor-section-stretched elementor-section-height-default elementor-section-height-default\" data-id=\"d179000\" data-element_type=\"section\" data-settings=\"{&quot;stretch_section&quot;:&quot;section-stretched&quot;}\" data-e-bg-lazyload=\".elementor-background-overlay\">\n\t\t\t\t\t\t\t<div class=\"elementor-background-overlay\"><\/div>\n\t\t\t\t\t\t\t<div class=\"elementor-container elementor-column-gap-no\">\n\t\t\t\t\t<div class=\"elementor-column elementor-col-100 elementor-top-column elementor-element elementor-element-2a4c414f\" data-id=\"2a4c414f\" data-element_type=\"column\">\n\t\t\t<div class=\"elementor-widget-wrap elementor-element-populated\">\n\t\t\t\t\t\t\t\t<div class=\"elementor-element elementor-element-fb5061 elementor-widget elementor-widget-text-editor\" data-id=\"fb5061\" data-element_type=\"widget\" data-widget_type=\"text-editor.default\">\n\t\t\t\t<div class=\"elementor-widget-container\">\n\t\t\t<style>\/*! elementor - v3.17.0 - 08-11-2023 *\/\n.elementor-widget-text-editor.elementor-drop-cap-view-stacked .elementor-drop-cap{background-color:#69727d;color:#fff}.elementor-widget-text-editor.elementor-drop-cap-view-framed .elementor-drop-cap{color:#69727d;border:3px solid;background-color:transparent}.elementor-widget-text-editor:not(.elementor-drop-cap-view-default) .elementor-drop-cap{margin-top:8px}.elementor-widget-text-editor:not(.elementor-drop-cap-view-default) .elementor-drop-cap-letter{width:1em;height:1em}.elementor-widget-text-editor .elementor-drop-cap{float:left;text-align:center;line-height:1;font-size:50px}.elementor-widget-text-editor .elementor-drop-cap-letter{display:inline-block}<\/style>\t\t\t\t<h1><span style=\"color: #ffffff;\">\u0110\u00e1nh gi\u00e1 v\u1ec1 AMEB<\/span><\/h1>\t\t\t\t\t\t<\/div>\n\t\t\t\t<\/div>\n\t\t\t\t\t<\/div>\n\t\t<\/div>\n\t\t\t\t\t\t\t<\/div>\n\t\t<\/section>\n\t\t\t\t<section class=\"elementor-section elementor-top-section elementor-element elementor-element-018e773 elementor-section-boxed elementor-section-height-default elementor-section-height-default\" data-id=\"018e773\" data-element_type=\"section\">\n\t\t\t\t\t\t<div class=\"elementor-container elementor-column-gap-default\">\n\t\t\t\t\t<div class=\"elementor-column elementor-col-50 elementor-top-column elementor-element elementor-element-e19a062\" data-id=\"e19a062\" data-element_type=\"column\">\n\t\t\t<div class=\"elementor-widget-wrap elementor-element-populated\">\n\t\t\t\t\t\t\t\t<div class=\"elementor-element elementor-element-b061d13 elementor-widget elementor-widget-image\" data-id=\"b061d13\" data-element_type=\"widget\" data-widget_type=\"image.default\">\n\t\t\t\t<div class=\"elementor-widget-container\">\n\t\t\t<style>\/*! elementor - v3.17.0 - 08-11-2023 *\/\n.elementor-widget-image{text-align:center}.elementor-widget-image a{display:inline-block}.elementor-widget-image a img[src$=\".svg\"]{width:48px}.elementor-widget-image img{vertical-align:middle;display:inline-block}<\/style>\t\t\t\t\t\t\t\t\t\t\t\t<img fetchpriority=\"high\" decoding=\"async\" width=\"500\" height=\"500\" src=\"https:\/\/ameb.com.vn\/wp-content\/uploads\/2022\/03\/New-Project-11.png\" class=\"attachment-full size-full wp-image-5185\" alt=\"\" srcset=\"https:\/\/ameb.com.vn\/wp-content\/uploads\/2022\/03\/New-Project-11.png 500w, https:\/\/ameb.com.vn\/wp-content\/uploads\/2022\/03\/New-Project-11-300x300.png 300w, https:\/\/ameb.com.vn\/wp-content\/uploads\/2022\/03\/New-Project-11-100x100.png 100w, https:\/\/ameb.com.vn\/wp-content\/uploads\/2022\/03\/New-Project-11-12x12.png 12w\" sizes=\"(max-width: 500px) 100vw, 500px\" \/>\t\t\t\t\t\t\t\t\t\t\t\t\t\t\t<\/div>\n\t\t\t\t<\/div>\n\t\t\t\t<div class=\"elementor-element elementor-element-a5c9508 elementor-widget elementor-widget-text-editor\" data-id=\"a5c9508\" data-element_type=\"widget\" data-widget_type=\"text-editor.default\">\n\t\t\t\t<div class=\"elementor-widget-container\">\n\t\t\t\t\t\t\t<p style=\"text-align: center;\"><span class=\"meta-name\" style=\"font-weight: bold; font-size: 18px;\">Dr. L\u00ea Anh Tu\u1ea5n<\/span><br style=\"font-size: 18px;\" \/><span style=\"font-size: 18px;\">Ph\u00f3 Gi\u00e1o s\u01b0, Ti\u1ebfn s\u0129, <\/span><span style=\"font-size: 18px;\">Gi\u00e1m \u0111\u1ed1c H\u1ecdc vi\u1ec7n \u00c2m nh\u1ea1c Vi\u1ec7t Nam<\/span><\/p>\t\t\t\t\t\t<\/div>\n\t\t\t\t<\/div>\n\t\t\t\t\t<\/div>\n\t\t<\/div>\n\t\t\t\t<div class=\"elementor-column elementor-col-50 elementor-top-column elementor-element elementor-element-68505d5\" data-id=\"68505d5\" data-element_type=\"column\">\n\t\t\t<div class=\"elementor-widget-wrap elementor-element-populated\">\n\t\t\t\t\t\t\t\t<div class=\"elementor-element elementor-element-3f23a11 elementor-widget elementor-widget-text-editor\" data-id=\"3f23a11\" data-element_type=\"widget\" data-widget_type=\"text-editor.default\">\n\t\t\t\t<div class=\"elementor-widget-container\">\n\t\t\t\t\t\t\t<p><i>\u00a0<\/i><\/p><p><i>\u201cAMEB l\u00e0 m\u1ed9t h\u1ed9i \u0111\u1ed3ng qu\u1ed1c gia c\u1ee7a \u00dac c\u00f3 uy t\u00edn v\u00e0 kinh nghi\u1ec7m. Ch\u00fang t\u00f4i hy v\u1ecdng r\u1eb1ng th\u00f4ng qua s\u1ef1 h\u1ee3p t\u00e1c n\u00e0y, h\u1ecdc vi\u1ec7n c\u1ee7a ch\u00fang t\u00f4i s\u1ebd c\u00f3 th\u00eam kinh nghi\u1ec7m trong vi\u1ec7c ph\u00e1t tri\u1ec3n gi\u00e1o tr\u00ecnh v\u00e0 t\u1ed5 ch\u1ee9c \u0111\u00e1nh gi\u00e1 sinh vi\u00ean \u0111\u1ec3 t\u1ea1o ra nhi\u1ec1u c\u01a1 h\u1ed9i h\u01a1n cho sinh vi\u00ean<\/i><span style=\"color: #172541; font-family: Geneva; font-weight: bold;\">\u00a0<\/span><\/p><h4>Nghe ph\u1ea7n chia s\u1ebb c\u1ee7a PGS.TS L\u00ea Anh Tu\u1ea5n:<\/h4><p><iframe src=\"https:\/\/www.youtube.com\/embed\/YYlZQWSSAQs\" width=\"560\" height=\"315\" frameborder=\"0\" allowfullscreen=\"allowfullscreen\"><\/iframe><\/p>\t\t\t\t\t\t<\/div>\n\t\t\t\t<\/div>\n\t\t\t\t\t<\/div>\n\t\t<\/div>\n\t\t\t\t\t\t\t<\/div>\n\t\t<\/section>\n\t\t\t\t<section class=\"elementor-section elementor-top-section elementor-element elementor-element-8b41761 elementor-section-boxed elementor-section-height-default elementor-section-height-default\" data-id=\"8b41761\" data-element_type=\"section\">\n\t\t\t\t\t\t<div class=\"elementor-container elementor-column-gap-default\">\n\t\t\t\t\t<div class=\"elementor-column elementor-col-50 elementor-top-column elementor-element elementor-element-7c3a631\" data-id=\"7c3a631\" data-element_type=\"column\">\n\t\t\t<div class=\"elementor-widget-wrap elementor-element-populated\">\n\t\t\t\t\t\t\t\t<div class=\"elementor-element elementor-element-489c957 elementor-widget elementor-widget-image\" data-id=\"489c957\" data-element_type=\"widget\" data-widget_type=\"image.default\">\n\t\t\t\t<div class=\"elementor-widget-container\">\n\t\t\t\t\t\t\t\t\t\t\t\t\t\t\t<img decoding=\"async\" width=\"500\" height=\"500\" src=\"https:\/\/ameb.com.vn\/wp-content\/uploads\/2022\/03\/New-Project-25.jpg\" class=\"attachment-full size-full wp-image-5184\" alt=\"\" srcset=\"https:\/\/ameb.com.vn\/wp-content\/uploads\/2022\/03\/New-Project-25.jpg 500w, https:\/\/ameb.com.vn\/wp-content\/uploads\/2022\/03\/New-Project-25-300x300.jpg 300w, https:\/\/ameb.com.vn\/wp-content\/uploads\/2022\/03\/New-Project-25-100x100.jpg 100w, https:\/\/ameb.com.vn\/wp-content\/uploads\/2022\/03\/New-Project-25-12x12.jpg 12w\" sizes=\"(max-width: 500px) 100vw, 500px\" \/>\t\t\t\t\t\t\t\t\t\t\t\t\t\t\t<\/div>\n\t\t\t\t<\/div>\n\t\t\t\t<div class=\"elementor-element elementor-element-de7b00a elementor-widget elementor-widget-text-editor\" data-id=\"de7b00a\" data-element_type=\"widget\" data-widget_type=\"text-editor.default\">\n\t\t\t\t<div class=\"elementor-widget-container\">\n\t\t\t\t\t\t\t<p style=\"text-align: center;\"><span class=\"meta-name\" style=\"font-weight: bold; font-size: 18px;\">Dr. Nguy\u1ec5n Minh Anh\u00a0<br \/><\/span><span class=\"meta-designation\" style=\"font-size: 18px;\">PGS.TS<br \/>Nguy\u00ean Ph\u00f3 Gi\u00e1m \u0111\u1ed1c, H\u1ecdc vi\u1ec7n \u00c2m nh\u1ea1c Qu\u1ed1c gia Vi\u1ec7t Nam<\/span><\/p>\t\t\t\t\t\t<\/div>\n\t\t\t\t<\/div>\n\t\t\t\t\t<\/div>\n\t\t<\/div>\n\t\t\t\t<div class=\"elementor-column elementor-col-50 elementor-top-column elementor-element elementor-element-bdb0bd1\" data-id=\"bdb0bd1\" data-element_type=\"column\">\n\t\t\t<div class=\"elementor-widget-wrap elementor-element-populated\">\n\t\t\t\t\t\t\t\t<div class=\"elementor-element elementor-element-af7f9ab elementor-widget elementor-widget-text-editor\" data-id=\"af7f9ab\" data-element_type=\"widget\" data-widget_type=\"text-editor.default\">\n\t\t\t\t<div class=\"elementor-widget-container\">\n\t\t\t\t\t\t\t<p><em>\u201cCh\u00fang t\u00f4i t\u1ef1 h\u00e0o r\u1eb1ng ch\u1ec9 sau m\u1ed9t n\u0103m, h\u1ecdc sinh Vi\u1ec7t Nam \u0111\u00e3 nhanh ch\u00f3ng \u00e1p d\u1ee5ng AMEB v\u00e0 cho th\u1ea5y nh\u1eefng l\u1ee3i \u00edch c\u1ee7a ch\u01b0\u01a1ng tr\u00ecnh h\u1ecdc.\u201d<\/em><\/p><h4>Listen to Dr. Nguyen Minh Anh&#8217;s full speech<\/h4><p><iframe src=\"https:\/\/drive.google.com\/file\/d\/1tUuKENOskO2sHTaezCMiiv0WZbnxoyFD\/preview\" width=\"640\" height=\"480\"><\/iframe><\/p>\t\t\t\t\t\t<\/div>\n\t\t\t\t<\/div>\n\t\t\t\t\t<\/div>\n\t\t<\/div>\n\t\t\t\t\t\t\t<\/div>\n\t\t<\/section>\n\t\t\t\t<section class=\"elementor-section elementor-top-section elementor-element elementor-element-b77e106 elementor-section-boxed elementor-section-height-default elementor-section-height-default\" data-id=\"b77e106\" data-element_type=\"section\">\n\t\t\t\t\t\t<div class=\"elementor-container elementor-column-gap-default\">\n\t\t\t\t\t<div class=\"elementor-column elementor-col-50 elementor-top-column elementor-element elementor-element-52cfdb5\" data-id=\"52cfdb5\" data-element_type=\"column\">\n\t\t\t<div class=\"elementor-widget-wrap elementor-element-populated\">\n\t\t\t\t\t\t\t\t<div class=\"elementor-element elementor-element-6996791 elementor-widget elementor-widget-image\" data-id=\"6996791\" data-element_type=\"widget\" data-widget_type=\"image.default\">\n\t\t\t\t<div class=\"elementor-widget-container\">\n\t\t\t\t\t\t\t\t\t\t\t\t\t\t\t<img decoding=\"async\" width=\"500\" height=\"500\" src=\"https:\/\/ameb.com.vn\/wp-content\/uploads\/2022\/03\/New-Project-28.jpg\" class=\"attachment-full size-full wp-image-5182\" alt=\"\" srcset=\"https:\/\/ameb.com.vn\/wp-content\/uploads\/2022\/03\/New-Project-28.jpg 500w, https:\/\/ameb.com.vn\/wp-content\/uploads\/2022\/03\/New-Project-28-300x300.jpg 300w, https:\/\/ameb.com.vn\/wp-content\/uploads\/2022\/03\/New-Project-28-100x100.jpg 100w, https:\/\/ameb.com.vn\/wp-content\/uploads\/2022\/03\/New-Project-28-12x12.jpg 12w\" sizes=\"(max-width: 500px) 100vw, 500px\" \/>\t\t\t\t\t\t\t\t\t\t\t\t\t\t\t<\/div>\n\t\t\t\t<\/div>\n\t\t\t\t<div class=\"elementor-element elementor-element-dbdcd7e elementor-widget elementor-widget-text-editor\" data-id=\"dbdcd7e\" data-element_type=\"widget\" data-widget_type=\"text-editor.default\">\n\t\t\t\t<div class=\"elementor-widget-container\">\n\t\t\t\t\t\t\t<p style=\"text-align: center;\"><span class=\"meta-name\" style=\"font-weight: bold; font-size: 18px;\">Dr. Nguy\u1ec5n Huy Ph\u01b0\u01a1ng<br \/><\/span><span style=\"font-size: 18px;\">PGS.TS<\/span><br style=\"font-size: 18px;\" \/><span style=\"font-size: 18px;\">Ch\u1ee7 t\u1ecbch h\u1ed9i \u0111\u1ed3ng H\u1ecdc vi\u1ec7n \u00c2m nh\u1ea1c Qu\u1ed1c gia Vi\u1ec7t Nam<\/span><\/p>\t\t\t\t\t\t<\/div>\n\t\t\t\t<\/div>\n\t\t\t\t\t<\/div>\n\t\t<\/div>\n\t\t\t\t<div class=\"elementor-column elementor-col-50 elementor-top-column elementor-element elementor-element-92cc8f5\" data-id=\"92cc8f5\" data-element_type=\"column\">\n\t\t\t<div class=\"elementor-widget-wrap elementor-element-populated\">\n\t\t\t\t\t\t\t\t<div class=\"elementor-element elementor-element-98d55ac elementor-widget elementor-widget-text-editor\" data-id=\"98d55ac\" data-element_type=\"widget\" data-widget_type=\"text-editor.default\">\n\t\t\t\t<div class=\"elementor-widget-container\">\n\t\t\t\t\t\t\t<p><em>\u201c\u0110\u00e2y l\u00e0 c\u01a1 h\u1ed9i tuy\u1ec7t v\u1eddi \u0111\u1ec3 h\u1ecdc sinh c\u1ee7a ch\u00fang t\u00f4i nh\u1eadn \u0111\u01b0\u1ee3c ph\u1ea3n h\u1ed3i t\u1eeb c\u00e1c gi\u00e1m kh\u1ea3o r\u1ea5t uy t\u00edn \u0111\u1ebfn t\u1eeb \u00dac. Th\u00f4ng qua nh\u1eefng nh\u1eadn x\u00e9t r\u1ea5t kh\u00e1ch quan v\u00e0 x\u00e1c \u0111\u00e1ng \u0111\u00f3, c\u00e1c em c\u00f3 th\u1ec3 suy ng\u1eabm v\u1ec1 qu\u00e1 tr\u00ecnh h\u1ecdc t\u1eadp c\u1ee7a m\u00ecnh. Ri\u00eang \u0111\u1ed1i v\u1edbi c\u00e1c gi\u00e1o vi\u00ean \u0111ang gi\u1ea3ng d\u1ea1y gi\u00e1o tr\u00ecnh AMEB, \u0111\u00e2y c\u0169ng l\u00e0 c\u01a1 h\u1ed9i r\u1ea5t t\u1ed1t \u0111\u1ec3 ti\u1ebfp c\u1eadn v\u1edbi nh\u1eefng t\u00e1c ph\u1ea9m m\u1edbi, t\u00e1c ph\u1ea9m th\u1ebf k\u1ef7 20 v\u1edbi nhi\u1ec1u th\u1ec3 lo\u1ea1i \u00e2m nh\u1ea1c kh\u00e1c nhau: t\u1eeb t\u00e2n c\u1ed5 \u0111i\u1ec3n \u0111\u1ebfn Jazz, Pop, Soundtrack, Latin \u2026 t\u1ea5t c\u1ea3 c\u00e1c \u0111i\u1ec3m m\u1ea1nh c\u1ee7a c\u00e1c gi\u00e1o tr\u00ecnh AMEB.\u201d<\/em><\/p><p><span style=\"color: #172541; font-family: Geneva; font-weight: bold;\">Nghe ph\u1ea7n chia s\u1ebb c\u1ee7a PGS.TS Huy Ph\u01b0\u01a1ng:<\/span><\/p><p><iframe src=\"https:\/\/www.youtube-nocookie.com\/embed\/dtslnHK7Nig?start=40\" width=\"560\" height=\"315\" frameborder=\"0\" allowfullscreen=\"allowfullscreen\" data-mce-fragment=\"1\"><\/iframe><\/p>\t\t\t\t\t\t<\/div>\n\t\t\t\t<\/div>\n\t\t\t\t\t<\/div>\n\t\t<\/div>\n\t\t\t\t\t\t\t<\/div>\n\t\t<\/section>\n\t\t\t\t<section class=\"elementor-section elementor-top-section elementor-element elementor-element-bde1266 elementor-section-boxed elementor-section-height-default elementor-section-height-default\" data-id=\"bde1266\" data-element_type=\"section\">\n\t\t\t\t\t\t<div class=\"elementor-container elementor-column-gap-default\">\n\t\t\t\t\t<div class=\"elementor-column elementor-col-50 elementor-top-column elementor-element elementor-element-88f6fe7\" data-id=\"88f6fe7\" data-element_type=\"column\">\n\t\t\t<div class=\"elementor-widget-wrap elementor-element-populated\">\n\t\t\t\t\t\t\t\t<div class=\"elementor-element elementor-element-8491f96 elementor-widget elementor-widget-image\" data-id=\"8491f96\" data-element_type=\"widget\" data-widget_type=\"image.default\">\n\t\t\t\t<div class=\"elementor-widget-container\">\n\t\t\t\t\t\t\t\t\t\t\t\t\t\t\t<img loading=\"lazy\" decoding=\"async\" width=\"500\" height=\"500\" src=\"https:\/\/ameb.com.vn\/wp-content\/uploads\/2022\/03\/New-Project-27.jpg\" class=\"attachment-large size-large wp-image-5183\" alt=\"\" srcset=\"https:\/\/ameb.com.vn\/wp-content\/uploads\/2022\/03\/New-Project-27.jpg 500w, https:\/\/ameb.com.vn\/wp-content\/uploads\/2022\/03\/New-Project-27-300x300.jpg 300w, https:\/\/ameb.com.vn\/wp-content\/uploads\/2022\/03\/New-Project-27-100x100.jpg 100w, https:\/\/ameb.com.vn\/wp-content\/uploads\/2022\/03\/New-Project-27-12x12.jpg 12w\" sizes=\"(max-width: 500px) 100vw, 500px\" \/>\t\t\t\t\t\t\t\t\t\t\t\t\t\t\t<\/div>\n\t\t\t\t<\/div>\n\t\t\t\t<div class=\"elementor-element elementor-element-c101fe5 elementor-widget elementor-widget-text-editor\" data-id=\"c101fe5\" data-element_type=\"widget\" data-widget_type=\"text-editor.default\">\n\t\t\t\t<div class=\"elementor-widget-container\">\n\t\t\t\t\t\t\t<p style=\"font-size: 18px; text-align: center;\"><span class=\"meta-name\" style=\"font-weight: bold;\">Dr. Dao Trong Tuyen<\/span><\/p><p style=\"font-size: 18px; text-align: center;\">Tr\u01b0\u1edfng khoa Piano, H\u1ecdc vi\u1ec7n \u00c2m nh\u1ea1c Qu\u1ed1c gia Vi\u1ec7t Nam<\/p>\t\t\t\t\t\t<\/div>\n\t\t\t\t<\/div>\n\t\t\t\t\t<\/div>\n\t\t<\/div>\n\t\t\t\t<div class=\"elementor-column elementor-col-50 elementor-top-column elementor-element elementor-element-17347a3\" data-id=\"17347a3\" data-element_type=\"column\">\n\t\t\t<div class=\"elementor-widget-wrap elementor-element-populated\">\n\t\t\t\t\t\t\t\t<div class=\"elementor-element elementor-element-50db258 elementor-widget elementor-widget-text-editor\" data-id=\"50db258\" data-element_type=\"widget\" data-widget_type=\"text-editor.default\">\n\t\t\t\t<div class=\"elementor-widget-container\">\n\t\t\t\t\t\t\t<p><em>\u201cAMEB l\u00e0 m\u1ed9t gi\u00e1o tr\u00ecnh c\u00f3 b\u1ec1 d\u00e0y l\u1ecbch s\u1eed v\u00e0 c\u00f3 t\u00ednh h\u1ec7 th\u1ed1ng cao. C\u00e1c t\u00e1c ph\u1ea9m trong ch\u01b0\u01a1ng tr\u00ecnh c\u00f3 t\u00ednh \u0111a d\u1ea1ng v\u00e0 c\u00f3 gi\u00e1 tr\u1ecb ngh\u1ec7 thu\u1eadt gi\u00fap cho ng\u01b0\u1eddi h\u1ecdc c\u00f3 s\u1ef1 ph\u00e1t tri\u1ec3n t\u1ed1t . V\u00ec v\u1eady AMEB \u0111\u00e3 nhanh ch\u00f3ng nh\u1eadn \u0111\u01b0\u1ee3c s\u1ef1 \u1ee7ng h\u1ed9 tin t\u01b0\u1edfng c\u1ee7a c\u00e1c gi\u00e1o vi\u00ean c\u0169ng nh\u01b0 c\u00e1c ph\u1ee5 huynh h\u1ecdc sinh. Hi\u1ec7n nay c\u00e1c t\u00e1c ph\u1ea9m trong gi\u00e1o tr\u00ecnh AMEB \u0111\u00e3 \u0111\u01b0\u1ee3c s\u1eed d\u1ee5ng r\u1ed9ng r\u00e3i trong c\u00e1c k\u1ef3 thi h\u1ecdc k\u1ef3 t\u1ea1i khoa piano h\u1ecdc vi\u1ec7n \u00e2m nh\u1ea1c v\u00e0 c\u0169ng c\u00f3 nhi\u1ec1u h\u1ecdc sinh sinh vi\u00ean c\u1ee7a khoa \u0111\u0103ng k\u00fd thi c\u00e1c c\u1ea5p \u0111\u1ed9 c\u1ee7a AMEB v\u00e0 \u0111\u1ea1t \u0111\u01b0\u1ee3c nh\u1eefng k\u1ebft qu\u1ea3 r\u1ea5t \u1ea5n t\u01b0\u1ee3ng. T\u00f4i tin t\u01b0\u1edfng s\u1ef1 h\u1ee3p t\u00e1c s\u00e2u r\u1ed9ng c\u1ee7a AMEB v\u1edbi h\u1ecdc vi\u1ec7n \u00e2m nh\u1ea1c v\u00e0 khoa piano s\u1ebd \u0111em l\u1ea1i nh\u1eefng nh\u1eefng l\u1ee3i \u00edch thi\u1ebft th\u1ef1c cho x\u00e3 h\u1ed9i\u201d<\/em><\/p><hr \/>\t\t\t\t\t\t<\/div>\n\t\t\t\t<\/div>\n\t\t\t\t\t<\/div>\n\t\t<\/div>\n\t\t\t\t\t\t\t<\/div>\n\t\t<\/section>\n\t\t\t\t\t\t\t<\/div>","protected":false},"excerpt":{"rendered":"<p>VIP Endorsements Dr. L\u00ea Anh Tu\u1ea5nAssociate Professor Dr, Director of Vietnam National Academy of Music \u00a0 AMEB is an Australian national board that is reputable and experienced. We hope that through this partnership, our academy will gain more experience in syllabus development, and in student assessment organisation to create more opportunities for students.\u00a0 Listen to &hellip;<\/p>\n<p class=\"read-more\"> <a class=\"\" href=\"https:\/\/ameb.com.vn\/vi\/vip-endorsements\/\"> <span class=\"screen-reader-text\">\u0110\u00e1nh gi\u00e1 v\u1ec1 AMEB<\/span> Read More &raquo;<\/a><\/p>","protected":false},"author":6,"featured_media":0,"parent":0,"menu_order":1,"comment_status":"closed","ping_status":"closed","template":"elementor_header_footer","meta":{"site-sidebar-layout":"default","site-content-layout":"","ast-site-content-layout":"","site-content-style":"default","site-sidebar-style":"default","ast-global-header-display":"","ast-banner-title-visibility":"","ast-main-header-display":"","ast-hfb-above-header-display":"","ast-hfb-below-header-display":"","ast-hfb-mobile-header-display":"","site-post-title":"","ast-breadcrumbs-content":"","ast-featured-img":"","footer-sml-layout":"","theme-transparent-header-meta":"","adv-header-id-meta":"","stick-header-meta":"","header-above-stick-meta":"","header-main-stick-meta":"","header-below-stick-meta":"","astra-migrate-meta-layouts":"","ast-page-background-enabled":"default","ast-page-background-meta":{"desktop":{"background-color":"var(--ast-global-color-4)","background-image":"","background-repeat":"repeat","background-position":"center center","background-size":"auto","background-attachment":"scroll","background-type":"","background-media":"","overlay-type":"","overlay-color":"","overlay-gradient":""},"tablet":{"background-color":"","background-image":"","background-repeat":"repeat","background-position":"center center","background-size":"auto","background-attachment":"scroll","background-type":"","background-media":"","overlay-type":"","overlay-color":"","overlay-gradient":""},"mobile":{"background-color":"","background-image":"","background-repeat":"repeat","background-position":"center center","background-size":"auto","background-attachment":"scroll","background-type":"","background-media":"","overlay-type":"","overlay-color":"","overlay-gradient":""}},"ast-content-background-meta":{"desktop":{"background-color":"var(--ast-global-color-5)","background-image":"","background-repeat":"repeat","background-position":"center center","background-size":"auto","background-attachment":"scroll","background-type":"","background-media":"","overlay-type":"","overlay-color":"","overlay-gradient":""},"tablet":{"background-color":"var(--ast-global-color-5)","background-image":"","background-repeat":"repeat","background-position":"center center","background-size":"auto","background-attachment":"scroll","background-type":"","background-media":"","overlay-type":"","overlay-color":"","overlay-gradient":""},"mobile":{"background-color":"var(--ast-global-color-5)","background-image":"","background-repeat":"repeat","background-position":"center center","background-size":"auto","background-attachment":"scroll","background-type":"","background-media":"","overlay-type":"","overlay-color":"","overlay-gradient":""}},"footnotes":""},"class_list":["post-2433","page","type-page","status-publish","hentry"],"_links":{"self":[{"href":"https:\/\/ameb.com.vn\/vi\/wp-json\/wp\/v2\/pages\/2433","targetHints":{"allow":["GET"]}}],"collection":[{"href":"https:\/\/ameb.com.vn\/vi\/wp-json\/wp\/v2\/pages"}],"about":[{"href":"https:\/\/ameb.com.vn\/vi\/wp-json\/wp\/v2\/types\/page"}],"author":[{"embeddable":true,"href":"https:\/\/ameb.com.vn\/vi\/wp-json\/wp\/v2\/users\/6"}],"replies":[{"embeddable":true,"href":"https:\/\/ameb.com.vn\/vi\/wp-json\/wp\/v2\/comments?post=2433"}],"version-history":[{"count":0,"href":"https:\/\/ameb.com.vn\/vi\/wp-json\/wp\/v2\/pages\/2433\/revisions"}],"wp:attachment":[{"href":"https:\/\/ameb.com.vn\/vi\/wp-json\/wp\/v2\/media?parent=2433"}],"curies":[{"name":"wp","href":"https:\/\/api.w.org\/{rel}","templated":true}]}}