{"id":2,"date":"2019-01-27T09:54:14","date_gmt":"2019-01-27T09:54:14","guid":{"rendered":"http:\/\/localhost\/cgbconsulting\/?page_id=2"},"modified":"2025-06-06T06:11:35","modified_gmt":"2025-06-06T06:11:35","slug":"home","status":"publish","type":"page","link":"https:\/\/ameb.com.vn\/vi\/","title":{"rendered":"Home"},"content":{"rendered":"<div data-elementor-type=\"wp-page\" data-elementor-id=\"2\" class=\"elementor elementor-2\">\n\t\t\t\t\t\t\t<div class=\"elementor-element elementor-element-c62b86e e-con-full e-flex e-con e-parent\" data-id=\"c62b86e\" data-element_type=\"container\" data-settings=\"{&quot;content_width&quot;:&quot;full&quot;,&quot;container_type&quot;:&quot;flex&quot;}\" data-e-bg-lazyload=\"\" data-core-v316-plus=\"true\">\n\t\t<div class=\"elementor-element elementor-element-db5408e e-con-full e-flex e-con e-child\" data-id=\"db5408e\" data-element_type=\"container\" data-settings=\"{&quot;content_width&quot;:&quot;full&quot;,&quot;container_type&quot;:&quot;flex&quot;}\">\n\t\t\t\t<div class=\"elementor-element elementor-element-531f469 elementor-widget elementor-widget-text-editor\" data-id=\"531f469\" data-element_type=\"widget\" data-widget_type=\"text-editor.default\">\n\t\t\t\t<div class=\"elementor-widget-container\">\n\t\t\t<style>\/*! elementor - v3.17.0 - 08-11-2023 *\/\n.elementor-widget-text-editor.elementor-drop-cap-view-stacked .elementor-drop-cap{background-color:#69727d;color:#fff}.elementor-widget-text-editor.elementor-drop-cap-view-framed .elementor-drop-cap{color:#69727d;border:3px solid;background-color:transparent}.elementor-widget-text-editor:not(.elementor-drop-cap-view-default) .elementor-drop-cap{margin-top:8px}.elementor-widget-text-editor:not(.elementor-drop-cap-view-default) .elementor-drop-cap-letter{width:1em;height:1em}.elementor-widget-text-editor .elementor-drop-cap{float:left;text-align:center;line-height:1;font-size:50px}.elementor-widget-text-editor .elementor-drop-cap-letter{display:inline-block}<\/style>\t\t\t\t<p><strong><span style=\"color: #ffffff;\">AMEB VI\u1ec6T NAM<\/span><\/strong><\/p>\t\t\t\t\t\t<\/div>\n\t\t\t\t<\/div>\n\t\t\t\t<div class=\"elementor-element elementor-element-4e6e878 elementor-widget elementor-widget-text-editor\" data-id=\"4e6e878\" data-element_type=\"widget\" data-widget_type=\"text-editor.default\">\n\t\t\t\t<div class=\"elementor-widget-container\">\n\t\t\t\t\t\t\t<h1><span style=\"color: #ffffff;\">AMEB gi\u00fap h\u1ecdc sinh ph\u00e1t huy h\u1ebft ti\u1ec1m n\u0103ng trong l\u0129nh v\u1ef1c \u00e2m nh\u1ea1c<\/span><\/h1>\t\t\t\t\t\t<\/div>\n\t\t\t\t<\/div>\n\t\t\t\t<div class=\"elementor-element elementor-element-2db87a6 elementor-widget elementor-widget-button\" data-id=\"2db87a6\" data-element_type=\"widget\" data-widget_type=\"button.default\">\n\t\t\t\t<div class=\"elementor-widget-container\">\n\t\t\t\t\t<div class=\"elementor-button-wrapper\">\n\t\t\t<a class=\"elementor-button elementor-button-link elementor-size-md\" href=\"https:\/\/www.youtube.com\/watch?v=YYlZQWSSAQs\">\n\t\t\t\t\t\t<span class=\"elementor-button-content-wrapper\">\n\t\t\t\t\t\t<span class=\"elementor-button-icon elementor-align-icon-right\">\n\t\t\t\t<svg aria-hidden=\"true\" class=\"e-font-icon-svg e-far-arrow-alt-circle-right\" viewbox=\"0 0 512 512\" xmlns=\"http:\/\/www.w3.org\/2000\/svg\"><path d=\"M504 256C504 119 393 8 256 8S8 119 8 256s111 248 248 248 248-111 248-248zm-448 0c0-110.5 89.5-200 200-200s200 89.5 200 200-89.5 200-200 200S56 366.5 56 256zm72 20v-40c0-6.6 5.4-12 12-12h116v-67c0-10.7 12.9-16 20.5-8.5l99 99c4.7 4.7 4.7 12.3 0 17l-99 99c-7.6 7.6-20.5 2.2-20.5-8.5v-67H140c-6.6 0-12-5.4-12-12z\"><\/path><\/svg>\t\t\t<\/span>\n\t\t\t\t\t\t<span class=\"elementor-button-text\">Xem video<\/span>\n\t\t<\/span>\n\t\t\t\t\t<\/a>\n\t\t<\/div>\n\t\t\t\t<\/div>\n\t\t\t\t<\/div>\n\t\t\t\t<\/div>\n\t\t<div class=\"elementor-element elementor-element-1916308 e-con-full e-flex e-con e-child\" data-id=\"1916308\" data-element_type=\"container\" data-settings=\"{&quot;content_width&quot;:&quot;full&quot;,&quot;container_type&quot;:&quot;flex&quot;}\">\n\t\t\t\t<\/div>\n\t\t\t\t<\/div>\n\t\t\t\t<section class=\"elementor-section elementor-top-section elementor-element elementor-element-dcd2dda elementor-section-boxed elementor-section-height-default elementor-section-height-default\" data-id=\"dcd2dda\" data-element_type=\"section\">\n\t\t\t\t\t\t<div class=\"elementor-container elementor-column-gap-default\">\n\t\t\t\t\t<div class=\"elementor-column elementor-col-100 elementor-top-column elementor-element elementor-element-493c1f2\" data-id=\"493c1f2\" data-element_type=\"column\">\n\t\t\t<div class=\"elementor-widget-wrap elementor-element-populated\">\n\t\t\t\t\t\t\t\t<div class=\"elementor-element elementor-element-9452ea0 elementor-widget elementor-widget-text-editor\" data-id=\"9452ea0\" data-element_type=\"widget\" data-widget_type=\"text-editor.default\">\n\t\t\t\t<div class=\"elementor-widget-container\">\n\t\t\t\t\t\t\t<p><strong>AMEB \u0110\u00c3 \u0110\u1ebeN VI\u1ec6T NAM<br \/><\/strong><\/p><h3>Trong n\u0103m 2025, AMEB ti\u1ebfp t\u1ee5c t\u1ed5 ch\u1ee9c k\u1ef3 thi tr\u1ef1c ti\u1ebfp v\u00e0 k\u1ef3 thi online \n(video exam) \u0111\u1ec3 \u0111\u00e1p \u1ee9ng nhu c\u1ea7u c\u1ee7a th\u00ed sinh tr\u00ean c\u1ea3 n\u01b0\u1edbc.<\/h3>\t\t\t\t\t\t<\/div>\n\t\t\t\t<\/div>\n\t\t\t\t\t<\/div>\n\t\t<\/div>\n\t\t\t\t\t\t\t<\/div>\n\t\t<\/section>\n\t\t\t\t<section class=\"elementor-section elementor-top-section elementor-element elementor-element-27df5ba elementor-section-boxed elementor-section-height-default elementor-section-height-default\" data-id=\"27df5ba\" data-element_type=\"section\">\n\t\t\t\t\t\t<div class=\"elementor-container elementor-column-gap-default\">\n\t\t\t\t\t<div class=\"elementor-column elementor-col-25 elementor-top-column elementor-element elementor-element-b1add96\" data-id=\"b1add96\" data-element_type=\"column\">\n\t\t\t<div class=\"elementor-widget-wrap elementor-element-populated\">\n\t\t\t\t\t\t\t\t<div class=\"elementor-element elementor-element-3c8a562 elementor-align-justify elementor-widget elementor-widget-button\" data-id=\"3c8a562\" data-element_type=\"widget\" data-widget_type=\"button.default\">\n\t\t\t\t<div class=\"elementor-widget-container\">\n\t\t\t\t\t<div class=\"elementor-button-wrapper\">\n\t\t\t<a class=\"elementor-button elementor-button-link elementor-size-xs\" href=\"https:\/\/score.ameb.edu.au\/login\">\n\t\t\t\t\t\t<span class=\"elementor-button-content-wrapper\">\n\t\t\t\t\t\t<span class=\"elementor-button-icon elementor-align-icon-right\">\n\t\t\t\t<svg aria-hidden=\"true\" class=\"e-font-icon-svg e-fas-arrow-right\" viewbox=\"0 0 448 512\" xmlns=\"http:\/\/www.w3.org\/2000\/svg\"><path d=\"M190.5 66.9l22.2-22.2c9.4-9.4 24.6-9.4 33.9 0L441 239c9.4 9.4 9.4 24.6 0 33.9L246.6 467.3c-9.4 9.4-24.6 9.4-33.9 0l-22.2-22.2c-9.5-9.5-9.3-25 .4-34.3L311.4 296H24c-13.3 0-24-10.7-24-24v-32c0-13.3 10.7-24 24-24h287.4L190.9 101.2c-9.8-9.3-10-24.8-.4-34.3z\"><\/path><\/svg>\t\t\t<\/span>\n\t\t\t\t\t\t<span class=\"elementor-button-text\">Phi\u1ebfu n\u1ed9p video d\u1ef1 thi <\/span>\n\t\t<\/span>\n\t\t\t\t\t<\/a>\n\t\t<\/div>\n\t\t\t\t<\/div>\n\t\t\t\t<\/div>\n\t\t\t\t\t<\/div>\n\t\t<\/div>\n\t\t\t\t<div class=\"elementor-column elementor-col-25 elementor-top-column elementor-element elementor-element-f7d6d51\" data-id=\"f7d6d51\" data-element_type=\"column\">\n\t\t\t<div class=\"elementor-widget-wrap elementor-element-populated\">\n\t\t\t\t\t\t\t\t<div class=\"elementor-element elementor-element-e34957c elementor-align-justify elementor-widget elementor-widget-button\" data-id=\"e34957c\" data-element_type=\"widget\" data-widget_type=\"button.default\">\n\t\t\t\t<div class=\"elementor-widget-container\">\n\t\t\t\t\t<div class=\"elementor-button-wrapper\">\n\t\t\t<a class=\"elementor-button elementor-button-link elementor-size-xs\" href=\"https:\/\/ameb.com.vn\/vi\/exams\/\">\n\t\t\t\t\t\t<span class=\"elementor-button-content-wrapper\">\n\t\t\t\t\t\t<span class=\"elementor-button-icon elementor-align-icon-right\">\n\t\t\t\t<svg aria-hidden=\"true\" class=\"e-font-icon-svg e-fas-arrow-right\" viewbox=\"0 0 448 512\" xmlns=\"http:\/\/www.w3.org\/2000\/svg\"><path d=\"M190.5 66.9l22.2-22.2c9.4-9.4 24.6-9.4 33.9 0L441 239c9.4 9.4 9.4 24.6 0 33.9L246.6 467.3c-9.4 9.4-24.6 9.4-33.9 0l-22.2-22.2c-9.5-9.5-9.3-25 .4-34.3L311.4 296H24c-13.3 0-24-10.7-24-24v-32c0-13.3 10.7-24 24-24h287.4L190.9 101.2c-9.8-9.3-10-24.8-.4-34.3z\"><\/path><\/svg>\t\t\t<\/span>\n\t\t\t\t\t\t<span class=\"elementor-button-text\">Ng\u00e0y thi &amp; l\u1ec7 ph\u00ed <\/span>\n\t\t<\/span>\n\t\t\t\t\t<\/a>\n\t\t<\/div>\n\t\t\t\t<\/div>\n\t\t\t\t<\/div>\n\t\t\t\t\t<\/div>\n\t\t<\/div>\n\t\t\t\t<div class=\"elementor-column elementor-col-25 elementor-top-column elementor-element elementor-element-ee76cc2\" data-id=\"ee76cc2\" data-element_type=\"column\">\n\t\t\t<div class=\"elementor-widget-wrap elementor-element-populated\">\n\t\t\t\t\t\t\t\t<div class=\"elementor-element elementor-element-4b07310 elementor-align-justify elementor-widget elementor-widget-button\" data-id=\"4b07310\" data-element_type=\"widget\" data-widget_type=\"button.default\">\n\t\t\t\t<div class=\"elementor-widget-container\">\n\t\t\t\t\t<div class=\"elementor-button-wrapper\">\n\t\t\t<a class=\"elementor-button elementor-button-link elementor-size-xs\" href=\"https:\/\/ameb.com.vn\/vi\/thu-ngo-chuc-mung-viet-nam-day-lui-dai-dich-covid-19-va-hoc-sinh-duoc-quay-lai-truong-hoc-tu-ong-bernard-depasquale-ceo-ameb\/\">\n\t\t\t\t\t\t<span class=\"elementor-button-content-wrapper\">\n\t\t\t\t\t\t<span class=\"elementor-button-icon elementor-align-icon-right\">\n\t\t\t\t<svg aria-hidden=\"true\" class=\"e-font-icon-svg e-fas-arrow-right\" viewbox=\"0 0 448 512\" xmlns=\"http:\/\/www.w3.org\/2000\/svg\"><path d=\"M190.5 66.9l22.2-22.2c9.4-9.4 24.6-9.4 33.9 0L441 239c9.4 9.4 9.4 24.6 0 33.9L246.6 467.3c-9.4 9.4-24.6 9.4-33.9 0l-22.2-22.2c-9.5-9.5-9.3-25 .4-34.3L311.4 296H24c-13.3 0-24-10.7-24-24v-32c0-13.3 10.7-24 24-24h287.4L190.9 101.2c-9.8-9.3-10-24.8-.4-34.3z\"><\/path><\/svg>\t\t\t<\/span>\n\t\t\t\t\t\t<span class=\"elementor-button-text\">Th\u01b0 c\u1ee7a CEO AMEB <\/span>\n\t\t<\/span>\n\t\t\t\t\t<\/a>\n\t\t<\/div>\n\t\t\t\t<\/div>\n\t\t\t\t<\/div>\n\t\t\t\t\t<\/div>\n\t\t<\/div>\n\t\t\t\t<div class=\"elementor-column elementor-col-25 elementor-top-column elementor-element elementor-element-dabcc08\" data-id=\"dabcc08\" data-element_type=\"column\">\n\t\t\t<div class=\"elementor-widget-wrap elementor-element-populated\">\n\t\t\t\t\t\t\t\t<div class=\"elementor-element elementor-element-1cb2473 elementor-align-justify elementor-widget elementor-widget-button\" data-id=\"1cb2473\" data-element_type=\"widget\" data-widget_type=\"button.default\">\n\t\t\t\t<div class=\"elementor-widget-container\">\n\t\t\t\t\t<div class=\"elementor-button-wrapper\">\n\t\t\t<a class=\"elementor-button elementor-button-link elementor-size-xs\" href=\"https:\/\/score.ameb.edu.au\/login\" target=\"_blank\">\n\t\t\t\t\t\t<span class=\"elementor-button-content-wrapper\">\n\t\t\t\t\t\t<span class=\"elementor-button-icon elementor-align-icon-right\">\n\t\t\t\t<svg aria-hidden=\"true\" class=\"e-font-icon-svg e-fas-arrow-right\" viewbox=\"0 0 448 512\" xmlns=\"http:\/\/www.w3.org\/2000\/svg\"><path d=\"M190.5 66.9l22.2-22.2c9.4-9.4 24.6-9.4 33.9 0L441 239c9.4 9.4 9.4 24.6 0 33.9L246.6 467.3c-9.4 9.4-24.6 9.4-33.9 0l-22.2-22.2c-9.5-9.5-9.3-25 .4-34.3L311.4 296H24c-13.3 0-24-10.7-24-24v-32c0-13.3 10.7-24 24-24h287.4L190.9 101.2c-9.8-9.3-10-24.8-.4-34.3z\"><\/path><\/svg>\t\t\t<\/span>\n\t\t\t\t\t\t<span class=\"elementor-button-text\">\u0110\u0103ng k\u00fd thi ngay (th\u00f4ng qua SCORE)  <\/span>\n\t\t<\/span>\n\t\t\t\t\t<\/a>\n\t\t<\/div>\n\t\t\t\t<\/div>\n\t\t\t\t<\/div>\n\t\t\t\t\t<\/div>\n\t\t<\/div>\n\t\t\t\t\t\t\t<\/div>\n\t\t<\/section>\n\t\t\t\t<section class=\"elementor-section elementor-top-section elementor-element elementor-element-6120530 elementor-section-boxed elementor-section-height-default elementor-section-height-default\" data-id=\"6120530\" data-element_type=\"section\">\n\t\t\t\t\t\t<div class=\"elementor-container elementor-column-gap-default\">\n\t\t\t\t\t<div class=\"elementor-column elementor-col-100 elementor-top-column elementor-element elementor-element-098dbfe\" data-id=\"098dbfe\" data-element_type=\"column\">\n\t\t\t<div class=\"elementor-widget-wrap elementor-element-populated\">\n\t\t\t\t\t\t\t\t<div class=\"elementor-element elementor-element-f4be334 elementor-widget elementor-widget-text-editor\" data-id=\"f4be334\" data-element_type=\"widget\" data-widget_type=\"text-editor.default\">\n\t\t\t\t<div class=\"elementor-widget-container\">\n\t\t\t\t\t\t\t<iframe src=\"https:\/\/www.youtube.com\/embed\/YYlZQWSSAQs\" width=\"700\" height=\"370\" frameborder=\"0\" allowfullscreen=\"allowfullscreen\"><\/iframe>\t\t\t\t\t\t<\/div>\n\t\t\t\t<\/div>\n\t\t\t\t\t<\/div>\n\t\t<\/div>\n\t\t\t\t\t\t\t<\/div>\n\t\t<\/section>\n\t\t\t\t<section class=\"elementor-section elementor-top-section elementor-element elementor-element-2032a7f elementor-section-boxed elementor-section-height-default elementor-section-height-default\" data-id=\"2032a7f\" data-element_type=\"section\">\n\t\t\t\t\t\t<div class=\"elementor-container elementor-column-gap-default\">\n\t\t\t\t\t<div class=\"elementor-column elementor-col-100 elementor-top-column elementor-element elementor-element-bf1d3b6\" data-id=\"bf1d3b6\" data-element_type=\"column\">\n\t\t\t<div class=\"elementor-widget-wrap elementor-element-populated\">\n\t\t\t\t\t\t\t\t<div class=\"elementor-element elementor-element-b7ef705 elementor-widget elementor-widget-text-editor\" data-id=\"b7ef705\" data-element_type=\"widget\" data-widget_type=\"text-editor.default\">\n\t\t\t\t<div class=\"elementor-widget-container\">\n\t\t\t\t\t\t\t<h4 style=\"text-align: center;\">Cho \u0111\u1ebfn nay, AMEB \u0111\u00e3 th\u1ef1c hi\u1ec7n nhi\u1ec1u k\u1ef3 thi piano th\u00e0nh c\u00f4ng tr\u00ean kh\u1eafp Vi\u1ec7t Nam. AMEB v\u1eabn s\u1ebd ti\u1ebfp t\u1ee5c h\u1ee3p t\u00e1c v\u1edbi m\u1ed9t s\u1ed1 nh\u1ea1c vi\u1ec7n, tr\u01b0\u1eddng h\u1ecdc v\u00e0 t\u1ed5 ch\u1ee9c uy t\u00edn nh\u1ea5t Vi\u1ec7t Nam \u0111\u1ec3 mang \u0111\u1ebfn n\u1ec1n gi\u00e1o d\u1ee5c v\u00e0 k\u1ef3 thi t\u1ed1t nh\u1ea5t.<\/h4>\t\t\t\t\t\t<\/div>\n\t\t\t\t<\/div>\n\t\t\t\t<div class=\"elementor-element elementor-element-3c64e1e elementor-widget elementor-widget-text-editor\" data-id=\"3c64e1e\" data-element_type=\"widget\" data-widget_type=\"text-editor.default\">\n\t\t\t\t<div class=\"elementor-widget-container\">\n\t\t\t\t\t\t\t<p>\u0110\u1ec3 bi\u1ebft th\u00eam c\u00e1c th\u00f4ng tin v\u1ec1 AMEB Australia, b\u1ea1n vui l\u00f2ng tham kh\u1ea3o t\u1ea1i\u00a0<strong><span style=\"color: #003366;\"><a style=\"color: #003366;\" href=\"https:\/\/www.ameb.edu.au\/\">www.ameb.edu.au<\/a><\/span><\/strong><\/p>\t\t\t\t\t\t<\/div>\n\t\t\t\t<\/div>\n\t\t\t\t\t<\/div>\n\t\t<\/div>\n\t\t\t\t\t\t\t<\/div>\n\t\t<\/section>\n\t\t\t\t<section class=\"elementor-section elementor-top-section elementor-element elementor-element-3ce2626 elementor-section-boxed elementor-section-height-default elementor-section-height-default\" data-id=\"3ce2626\" data-element_type=\"section\" data-settings=\"{&quot;background_background&quot;:&quot;classic&quot;}\" data-e-bg-lazyload=\"\">\n\t\t\t\t\t\t\t<div class=\"elementor-background-overlay\"><\/div>\n\t\t\t\t\t\t\t<div class=\"elementor-container elementor-column-gap-default\">\n\t\t\t\t\t<div class=\"elementor-column elementor-col-100 elementor-top-column elementor-element elementor-element-5702794\" data-id=\"5702794\" data-element_type=\"column\">\n\t\t\t<div class=\"elementor-widget-wrap elementor-element-populated\">\n\t\t\t\t\t\t\t\t<div class=\"elementor-element elementor-element-442e16b elementor-widget elementor-widget-heading\" data-id=\"442e16b\" data-element_type=\"widget\" data-widget_type=\"heading.default\">\n\t\t\t\t<div class=\"elementor-widget-container\">\n\t\t\t<style>\/*! elementor - v3.17.0 - 08-11-2023 *\/\n.elementor-heading-title{padding:0;margin:0;line-height:1}.elementor-widget-heading .elementor-heading-title[class*=elementor-size-]>a{color:inherit;font-size:inherit;line-height:inherit}.elementor-widget-heading .elementor-heading-title.elementor-size-small{font-size:15px}.elementor-widget-heading .elementor-heading-title.elementor-size-medium{font-size:19px}.elementor-widget-heading .elementor-heading-title.elementor-size-large{font-size:29px}.elementor-widget-heading .elementor-heading-title.elementor-size-xl{font-size:39px}.elementor-widget-heading .elementor-heading-title.elementor-size-xxl{font-size:59px}<\/style><h2 class=\"elementor-heading-title elementor-size-default\">\u0110\u00c1NH GI\u00c1 V\u1ec0 AMEB<\/h2>\t\t<\/div>\n\t\t\t\t<\/div>\n\t\t\t\t\t<\/div>\n\t\t<\/div>\n\t\t\t\t\t\t\t<\/div>\n\t\t<\/section>\n\t\t\t\t<section class=\"elementor-section elementor-top-section elementor-element elementor-element-d8555c2 elementor-section-boxed elementor-section-height-default elementor-section-height-default\" data-id=\"d8555c2\" data-element_type=\"section\">\n\t\t\t\t\t\t<div class=\"elementor-container elementor-column-gap-default\">\n\t\t\t\t\t<div class=\"elementor-column elementor-col-100 elementor-top-column elementor-element elementor-element-9be8452\" data-id=\"9be8452\" data-element_type=\"column\">\n\t\t\t<div class=\"elementor-widget-wrap elementor-element-populated\">\n\t\t\t\t\t\t\t\t<div class=\"elementor-element elementor-element-42f0c53 elementor-widget elementor-widget-image\" data-id=\"42f0c53\" data-element_type=\"widget\" data-widget_type=\"image.default\">\n\t\t\t\t<div class=\"elementor-widget-container\">\n\t\t\t<style>\/*! elementor - v3.17.0 - 08-11-2023 *\/\n.elementor-widget-image{text-align:center}.elementor-widget-image a{display:inline-block}.elementor-widget-image a img[src$=\".svg\"]{width:48px}.elementor-widget-image img{vertical-align:middle;display:inline-block}<\/style>\t\t\t\t\t\t\t\t\t\t\t\t<img decoding=\"async\" width=\"126\" height=\"126\" src=\"https:\/\/ameb.com.vn\/wp-content\/uploads\/2020\/07\/logo-icon.png\" class=\"attachment-medium size-medium wp-image-1432\" alt=\"\" srcset=\"https:\/\/ameb.com.vn\/wp-content\/uploads\/2020\/07\/logo-icon.png 126w, https:\/\/ameb.com.vn\/wp-content\/uploads\/2020\/07\/logo-icon-100x100.png 100w\" sizes=\"(max-width: 126px) 100vw, 126px\" \/>\t\t\t\t\t\t\t\t\t\t\t\t\t\t\t<\/div>\n\t\t\t\t<\/div>\n\t\t\t\t<div class=\"elementor-element elementor-element-1073fb0 elementor-widget elementor-widget-text-editor\" data-id=\"1073fb0\" data-element_type=\"widget\" data-widget_type=\"text-editor.default\">\n\t\t\t\t<div class=\"elementor-widget-container\">\n\t\t\t\t\t\t\t<h3>AMEB l\u00e0 \u0111\u01a1n v\u1ecb d\u1eabn \u0111\u1ea7u trong l\u0129nh v\u1ef1c gi\u00e1o d\u1ee5c \u00e2m nh\u1ea1c v\u1edbi l\u1ecbch s\u1eed h\u01a1n 100 n\u0103m.<\/h3>\t\t\t\t\t\t<\/div>\n\t\t\t\t<\/div>\n\t\t\t\t\t<\/div>\n\t\t<\/div>\n\t\t\t\t\t\t\t<\/div>\n\t\t<\/section>\n\t\t\t\t<section class=\"elementor-section elementor-top-section elementor-element elementor-element-4cd1e56 elementor-section-boxed elementor-section-height-default elementor-section-height-default\" data-id=\"4cd1e56\" data-element_type=\"section\">\n\t\t\t\t\t\t<div class=\"elementor-container elementor-column-gap-default\">\n\t\t\t\t\t<div class=\"elementor-column elementor-col-50 elementor-top-column elementor-element elementor-element-c1a8a43\" data-id=\"c1a8a43\" data-element_type=\"column\">\n\t\t\t<div class=\"elementor-widget-wrap elementor-element-populated\">\n\t\t\t\t\t\t\t\t<div class=\"elementor-element elementor-element-043c179 elementor-widget elementor-widget-text-editor\" data-id=\"043c179\" data-element_type=\"widget\" data-widget_type=\"text-editor.default\">\n\t\t\t\t<div class=\"elementor-widget-container\">\n\t\t\t\t\t\t\t<p><strong>AMEB \u0111em \u0111\u1ebfn s\u1ef1 h\u1ed7 tr\u1ee3, truy\u1ec1n c\u1ea3m h\u1ee9ng v\u00e0 th\u00fac \u0111\u1ea9y s\u1ef1 g\u1eafn k\u1ebft tr\u1ecdn \u0111\u1eddi v\u1edbi \u00e2m nh\u1ea1c.<\/strong><br \/>H\u1ed9i \u0111\u1ed3ng kh\u1ea3o th\u00ed \u00c2m nh\u1ea1c \u00dac l\u00e0 \u0111\u01a1n v\u1ecb h\u00e0ng \u0111\u1ea7u trong vi\u1ec7c t\u1ed5 ch\u1ee9c c\u00e1c k\u1ef3 thi \u00e2m nh\u1ea1c, di\u1ec5n thuy\u1ebft v\u00e0 k\u1ecbch ngh\u1ec7 t\u1ea1i \u00dac trong h\u01a1n 100 n\u0103m qua. V\u1edbi m\u1ed9t n\u1ec1n t\u1ea3ng l\u1ecbch s\u1eed nh\u01b0 v\u1eady, AMEB \u0111\u00e3 c\u00f3 nh\u1eefng li\u00ean k\u1ebft ch\u1eb7t ch\u1ebd v\u1edbi c\u00e1c tr\u01b0\u1eddng \u0111\u1ea1i h\u1ecdc l\u1edbn c\u1ee7a \u00dac v\u00e0 b\u1eb1ng c\u1ea5p, ch\u1ee9ng ch\u1ec9 c\u1ee7a AMEB l\u00e0 th\u01b0\u1edbc \u0111o ngh\u1ec7 thu\u1eadt chu\u1ea9n m\u1ef1c \u0111\u01b0\u1ee3c c\u00f4ng nh\u1eadn tr\u00ean to\u00e0n n\u01b0\u1edbc \u00dac v\u00e0 qu\u1ed1c t\u1ebf.\n\nAMEB cung c\u1ea5p m\u1ed9t h\u1ec7 th\u1ed1ng c\u00e1c k\u1ef3 thi \u0111\u01b0\u1ee3c x\u1ebfp lo\u1ea1i to\u00e0n c\u1ea7u v\u1ec1 \u00e2m nh\u1ea1c, di\u1ec5n thuy\u1ebft, k\u1ecbch ngh\u1ec7. B\u00ean c\u1ea1nh \u0111\u00f3, \u0111\u1ec3 h\u1ed7 tr\u1ee3 cho c\u00e1c k\u1ef3 thi c\u0169ng nh\u01b0 h\u1ed7 tr\u1ee3 cho c\u00e1c gi\u00e1o vi\u00ean, gi\u00e1m kh\u1ea3o v\u00e0 th\u00ed sinh, AMEB \u0111\u00e3 xu\u1ea5t b\u1ea3n c\u00e1c gi\u00e1o tr\u00ecnh v\u00e0 \u1ea5n ph\u1ea9m ch\u1ea5t l\u01b0\u1ee3ng \u0111\u01b0\u1ee3c bi\u00ean so\u1ea1n theo ti\u00eau chu\u1ea9n cao nh\u1ea5t.<\/p>\t\t\t\t\t\t<\/div>\n\t\t\t\t<\/div>\n\t\t\t\t\t<\/div>\n\t\t<\/div>\n\t\t\t\t<div class=\"elementor-column elementor-col-50 elementor-top-column elementor-element elementor-element-2f9bf3a\" data-id=\"2f9bf3a\" data-element_type=\"column\">\n\t\t\t<div class=\"elementor-widget-wrap elementor-element-populated\">\n\t\t\t\t\t\t\t\t<div class=\"elementor-element elementor-element-bbd3cd4 elementor-widget elementor-widget-text-editor\" data-id=\"bbd3cd4\" data-element_type=\"widget\" data-widget_type=\"text-editor.default\">\n\t\t\t\t<div class=\"elementor-widget-container\">\n\t\t\t\t\t\t\t<p><strong>L\u1ee3i th\u1ebf c\u1ee7a AMEB.<\/strong>\u00a0<br \/>C\u00e1c k\u1ef3 thi c\u1ee7a AMEB \u0111\u01b0\u1ee3c c\u00f4ng nh\u1eadn trong h\u1ec7 th\u1ed1ng c\u00e1c tr\u01b0\u1eddng \u0111\u1ea1i h\u1ecdc \u1edf \u00dac v\u00e0 qu\u1ed1c t\u1ebf. AMEB c\u00f3 li\u00ean k\u1ebft ch\u00ednh th\u1ee9c v\u1edbi c\u00e1c t\u1ed5 ch\u1ee9c s\u01b0 ph\u1ea1m l\u1edbn v\u00e0 ch\u1ee9ng ch\u1ec9 AMEB c\u0169ng \u0111\u01b0\u1ee3c s\u1eed d\u1ee5ng l\u00e0m th\u01b0\u1edbc \u0111o \u0111\u00e1nh gi\u00e1 kh\u1ea3 n\u0103ng th\u00ed sinh khi \u1ee9ng tuy\u1ec3n \u0110\u1ea1i h\u1ecdc. C\u00e1c gi\u00e1m kh\u1ea3o c\u1ee7a ch\u00fang t\u00f4i l\u00e0 nh\u1eefng ng\u01b0\u1eddi \u0111\u01b0\u1ee3c \u0111\u00e0o t\u1ea1o chuy\u00ean nghi\u1ec7p s\u1ebd \u0111\u1ed3ng h\u00e0nh c\u00f9ng th\u00ed sinh trong qu\u00e1 tr\u00ecnh tham d\u1ef1 k\u00ec thi.<\/p>\t\t\t\t\t\t<\/div>\n\t\t\t\t<\/div>\n\t\t\t\t\t<\/div>\n\t\t<\/div>\n\t\t\t\t\t\t\t<\/div>\n\t\t<\/section>\n\t\t\t\t\t\t\t<\/div>","protected":false},"excerpt":{"rendered":"<p>AMEB VIETNAM Awarding music students and inspiring learning Watch the video LATEST FROM AMEB VIETNAM In 2025, AMEB is organizing the online exams (video exams) and face to face exams to meet the needs of candidates in all part of the country. Video Exam Submission Form Exam Dates &amp; Fees Letter from AMEB CEO Enrol &hellip;<\/p>\n<p class=\"read-more\"> <a class=\"\" href=\"https:\/\/ameb.com.vn\/vi\/\"> <span class=\"screen-reader-text\">Home<\/span> Read More &raquo;<\/a><\/p>","protected":false},"author":1,"featured_media":0,"parent":0,"menu_order":15,"comment_status":"closed","ping_status":"open","template":"elementor_header_footer","meta":{"site-sidebar-layout":"default","site-content-layout":"","ast-site-content-layout":"full-width-container","site-content-style":"boxed","site-sidebar-style":"boxed","ast-global-header-display":"","ast-banner-title-visibility":"","ast-main-header-display":"","ast-hfb-above-header-display":"","ast-hfb-below-header-display":"","ast-hfb-mobile-header-display":"","site-post-title":"","ast-breadcrumbs-content":"","ast-featured-img":"","footer-sml-layout":"","theme-transparent-header-meta":"default","adv-header-id-meta":"","stick-header-meta":"","header-above-stick-meta":"","header-main-stick-meta":"","header-below-stick-meta":"","astra-migrate-meta-layouts":"","ast-page-background-enabled":"default","ast-page-background-meta":{"desktop":{"background-color":"var(--ast-global-color-4)","background-image":"","background-repeat":"repeat","background-position":"center center","background-size":"auto","background-attachment":"scroll","background-type":"","background-media":"","overlay-type":"","overlay-color":"","overlay-gradient":""},"tablet":{"background-color":"","background-image":"","background-repeat":"repeat","background-position":"center center","background-size":"auto","background-attachment":"scroll","background-type":"","background-media":"","overlay-type":"","overlay-color":"","overlay-gradient":""},"mobile":{"background-color":"","background-image":"","background-repeat":"repeat","background-position":"center center","background-size":"auto","background-attachment":"scroll","background-type":"","background-media":"","overlay-type":"","overlay-color":"","overlay-gradient":""}},"ast-content-background-meta":{"desktop":{"background-color":"var(--ast-global-color-5)","background-image":"","background-repeat":"repeat","background-position":"center center","background-size":"auto","background-attachment":"scroll","background-type":"","background-media":"","overlay-type":"","overlay-color":"","overlay-gradient":""},"tablet":{"background-color":"var(--ast-global-color-5)","background-image":"","background-repeat":"repeat","background-position":"center center","background-size":"auto","background-attachment":"scroll","background-type":"","background-media":"","overlay-type":"","overlay-color":"","overlay-gradient":""},"mobile":{"background-color":"var(--ast-global-color-5)","background-image":"","background-repeat":"repeat","background-position":"center center","background-size":"auto","background-attachment":"scroll","background-type":"","background-media":"","overlay-type":"","overlay-color":"","overlay-gradient":""}},"footnotes":""},"class_list":["post-2","page","type-page","status-publish","hentry"],"_links":{"self":[{"href":"https:\/\/ameb.com.vn\/vi\/wp-json\/wp\/v2\/pages\/2","targetHints":{"allow":["GET"]}}],"collection":[{"href":"https:\/\/ameb.com.vn\/vi\/wp-json\/wp\/v2\/pages"}],"about":[{"href":"https:\/\/ameb.com.vn\/vi\/wp-json\/wp\/v2\/types\/page"}],"author":[{"embeddable":true,"href":"https:\/\/ameb.com.vn\/vi\/wp-json\/wp\/v2\/users\/1"}],"replies":[{"embeddable":true,"href":"https:\/\/ameb.com.vn\/vi\/wp-json\/wp\/v2\/comments?post=2"}],"version-history":[{"count":0,"href":"https:\/\/ameb.com.vn\/vi\/wp-json\/wp\/v2\/pages\/2\/revisions"}],"wp:attachment":[{"href":"https:\/\/ameb.com.vn\/vi\/wp-json\/wp\/v2\/media?parent=2"}],"curies":[{"name":"wp","href":"https:\/\/api.w.org\/{rel}","templated":true}]}}